{"id":42,"date":"2022-08-18T10:55:54","date_gmt":"2022-08-18T08:55:54","guid":{"rendered":"https:\/\/grupoilovewine.es\/?page_id=42"},"modified":"2023-07-08T10:28:06","modified_gmt":"2023-07-08T08:28:06","slug":"inicio","status":"publish","type":"page","link":"https:\/\/grupoilovewine.es\/en\/","title":{"rendered":"Inicio"},"content":{"rendered":"<div data-elementor-type=\"wp-page\" data-elementor-id=\"42\" class=\"elementor elementor-42\" data-elementor-settings=\"{&quot;ha_cmc_init_switcher&quot;:&quot;no&quot;}\" data-elementor-post-type=\"page\">\n\t\t\t\t<div class=\"elementor-element elementor-element-5e8ebd2 e-flex e-con-boxed e-con e-parent\" data-id=\"5e8ebd2\" data-element_type=\"container\" data-settings=\"{&quot;background_background&quot;:&quot;classic&quot;}\">\n\t\t\t\t\t<div class=\"e-con-inner\">\n\t\t<div class=\"elementor-element elementor-element-be1c3db e-con-full fc-container-equal e-flex elementor-invisible e-con e-parent\" data-id=\"be1c3db\" data-element_type=\"container\" data-settings=\"{&quot;animation&quot;:&quot;fadeIn&quot;,&quot;animation_delay&quot;:800}\">\n\t\t\t\t<div class=\"elementor-element elementor-element-5af9aca elementor-widget elementor-widget-heading\" data-id=\"5af9aca\" data-element_type=\"widget\" data-widget_type=\"heading.default\">\n\t\t\t\t<div class=\"elementor-widget-container\">\n\t\t\t\t\t<h1 class=\"elementor-heading-title elementor-size-default\">pasi\u00f3n y <font color=\"#d33a27\">amor <\/font>por el vino<\/h1>\t\t\t\t<\/div>\n\t\t\t\t<\/div>\n\t\t\t\t<div class=\"elementor-element elementor-element-529ec74 elementor-widget elementor-widget-text-editor\" data-id=\"529ec74\" data-element_type=\"widget\" data-widget_type=\"text-editor.default\">\n\t\t\t\t<div class=\"elementor-widget-container\">\n\t\t\t\t\t\t\t\t\t<p>Comprometidos con el mundo del vino<\/p>\t\t\t\t\t\t\t\t<\/div>\n\t\t\t\t<\/div>\n\t\t\t\t<\/div>\n\t\t\t\t\t<\/div>\n\t\t\t\t<\/div>\n\t\t<div class=\"elementor-element elementor-element-c48614d e-con-full fc-container-padding e-flex e-con e-parent\" data-id=\"c48614d\" data-element_type=\"container\" data-settings=\"{&quot;background_background&quot;:&quot;classic&quot;}\">\n\t\t<div class=\"elementor-element elementor-element-54e2f2a fc-container-col e-flex e-con-boxed e-con e-parent\" data-id=\"54e2f2a\" data-element_type=\"container\">\n\t\t\t\t\t<div class=\"e-con-inner\">\n\t\t\t\t<div class=\"elementor-element elementor-element-5971fdc elementor-widget elementor-widget-heading\" data-id=\"5971fdc\" data-element_type=\"widget\" data-widget_type=\"heading.default\">\n\t\t\t\t<div class=\"elementor-widget-container\">\n\t\t\t\t\t<h2 class=\"elementor-heading-title elementor-size-default\">Somos una empresa dedicada al sector del vino y especializada en el\ndesarrollo de productos y servicios orientados a la digitalizaci\u00f3n eficiente de bodegas y sus vinos.<\/h2>\t\t\t\t<\/div>\n\t\t\t\t<\/div>\n\t\t\t\t\t<\/div>\n\t\t\t\t<\/div>\n\t\t<div class=\"elementor-element elementor-element-2ab8c10 e-flex e-con-boxed e-con e-parent\" data-id=\"2ab8c10\" data-element_type=\"container\">\n\t\t\t\t\t<div class=\"e-con-inner\">\n\t\t\t\t<div class=\"elementor-element elementor-element-675bcd3 elementor-align-center elementor-widget elementor-widget-button\" data-id=\"675bcd3\" data-element_type=\"widget\" data-widget_type=\"button.default\">\n\t\t\t\t<div class=\"elementor-widget-container\">\n\t\t\t\t\t\t\t\t\t<div class=\"elementor-button-wrapper\">\n\t\t\t\t\t<a class=\"elementor-button elementor-button-link elementor-size-sm\" href=\"https:\/\/grupoilovewine.es\/en\/sobre-nosotros\/\">\n\t\t\t\t\t\t<span class=\"elementor-button-content-wrapper\">\n\t\t\t\t\t\t\t\t\t<span class=\"elementor-button-text\">\u00bfQuieres saber m\u00e1s?<\/span>\n\t\t\t\t\t<\/span>\n\t\t\t\t\t<\/a>\n\t\t\t\t<\/div>\n\t\t\t\t\t\t\t\t<\/div>\n\t\t\t\t<\/div>\n\t\t\t\t\t<\/div>\n\t\t\t\t<\/div>\n\t\t\t\t<\/div>\n\t\t<div class=\"elementor-element elementor-element-ff23363 e-con-full e-flex e-con e-parent\" data-id=\"ff23363\" data-element_type=\"container\" data-settings=\"{&quot;background_background&quot;:&quot;classic&quot;}\">\n\t\t<div class=\"elementor-element elementor-element-c3f2cf7 e-con-full e-flex e-con e-parent\" data-id=\"c3f2cf7\" data-element_type=\"container\">\n\t\t<div class=\"elementor-element elementor-element-ca88b7c e-con-full e-flex e-con e-parent\" data-id=\"ca88b7c\" data-element_type=\"container\" data-settings=\"{&quot;background_background&quot;:&quot;classic&quot;}\">\n\t\t<div class=\"elementor-element elementor-element-7ff668d e-con-full e-flex e-con e-parent\" data-id=\"7ff668d\" data-element_type=\"container\" data-settings=\"{&quot;background_background&quot;:&quot;classic&quot;}\">\n\t\t\t\t<div class=\"elementor-element elementor-element-8a47dc2 elementor-widget elementor-widget-heading\" data-id=\"8a47dc2\" data-element_type=\"widget\" data-widget_type=\"heading.default\">\n\t\t\t\t<div class=\"elementor-widget-container\">\n\t\t\t\t\t<h2 class=\"elementor-heading-title elementor-size-default\">Nuestras marcas<\/h2>\t\t\t\t<\/div>\n\t\t\t\t<\/div>\n\t\t\t\t<div class=\"elementor-element elementor-element-a975df6 elementor-widget-divider--view-line elementor-widget elementor-widget-divider\" data-id=\"a975df6\" data-element_type=\"widget\" data-widget_type=\"divider.default\">\n\t\t\t\t<div class=\"elementor-widget-container\">\n\t\t\t\t\t\t\t<div class=\"elementor-divider\">\n\t\t\t<span class=\"elementor-divider-separator\">\n\t\t\t\t\t\t<\/span>\n\t\t<\/div>\n\t\t\t\t\t\t<\/div>\n\t\t\t\t<\/div>\n\t\t\t\t<div class=\"elementor-element elementor-element-6aa4d05 elementor-nav-menu__align-center elementor-nav-menu--dropdown-none elementor-widget elementor-widget-nav-menu\" data-id=\"6aa4d05\" data-element_type=\"widget\" data-settings=\"{&quot;layout&quot;:&quot;vertical&quot;,&quot;submenu_icon&quot;:{&quot;value&quot;:&quot;&lt;i class=\\&quot;fas fa-caret-down\\&quot; aria-hidden=\\&quot;true\\&quot;&gt;&lt;\\\/i&gt;&quot;,&quot;library&quot;:&quot;fa-solid&quot;}}\" data-widget_type=\"nav-menu.default\">\n\t\t\t\t<div class=\"elementor-widget-container\">\n\t\t\t\t\t\t\t\t<nav aria-label=\"Menu\" class=\"elementor-nav-menu--main elementor-nav-menu__container elementor-nav-menu--layout-vertical e--pointer-none\">\n\t\t\t\t<ul id=\"menu-1-6aa4d05\" class=\"elementor-nav-menu sm-vertical\"><li class=\"menu-item menu-item-type-post_type menu-item-object-page menu-item-1712\"><a href=\"https:\/\/grupoilovewine.es\/en\/nuestras-marcas\/ilovewine\/\" class=\"elementor-item\">ILOVEWINE<\/a><\/li>\n<li class=\"menu-item menu-item-type-post_type menu-item-object-page menu-item-1711\"><a href=\"https:\/\/grupoilovewine.es\/en\/nuestras-marcas\/enviarvino\/\" class=\"elementor-item\">ENVIARVINO<\/a><\/li>\n<li class=\"menu-item menu-item-type-post_type menu-item-object-page menu-item-1710\"><a href=\"https:\/\/grupoilovewine.es\/en\/nuestras-marcas\/ecovinobox\/\" class=\"elementor-item\">ECOVINOBOX<\/a><\/li>\n<li class=\"menu-item menu-item-type-post_type menu-item-object-page menu-item-1709\"><a href=\"https:\/\/grupoilovewine.es\/en\/nuestras-marcas\/eurowinetours\/\" class=\"elementor-item\">EUROWINETOURS<\/a><\/li>\n<\/ul>\t\t\t<\/nav>\n\t\t\t\t\t\t<nav class=\"elementor-nav-menu--dropdown elementor-nav-menu__container\" aria-hidden=\"true\">\n\t\t\t\t<ul id=\"menu-2-6aa4d05\" class=\"elementor-nav-menu sm-vertical\"><li class=\"menu-item menu-item-type-post_type menu-item-object-page menu-item-1712\"><a href=\"https:\/\/grupoilovewine.es\/en\/nuestras-marcas\/ilovewine\/\" class=\"elementor-item\" tabindex=\"-1\">ILOVEWINE<\/a><\/li>\n<li class=\"menu-item menu-item-type-post_type menu-item-object-page menu-item-1711\"><a href=\"https:\/\/grupoilovewine.es\/en\/nuestras-marcas\/enviarvino\/\" class=\"elementor-item\" tabindex=\"-1\">ENVIARVINO<\/a><\/li>\n<li class=\"menu-item menu-item-type-post_type menu-item-object-page menu-item-1710\"><a href=\"https:\/\/grupoilovewine.es\/en\/nuestras-marcas\/ecovinobox\/\" class=\"elementor-item\" tabindex=\"-1\">ECOVINOBOX<\/a><\/li>\n<li class=\"menu-item menu-item-type-post_type menu-item-object-page menu-item-1709\"><a href=\"https:\/\/grupoilovewine.es\/en\/nuestras-marcas\/eurowinetours\/\" class=\"elementor-item\" tabindex=\"-1\">EUROWINETOURS<\/a><\/li>\n<\/ul>\t\t\t<\/nav>\n\t\t\t\t\t\t<\/div>\n\t\t\t\t<\/div>\n\t\t\t\t<\/div>\n\t\t\t\t<\/div>\n\t\t<div class=\"elementor-element elementor-element-d990ec0 e-con-full e-flex e-con e-parent\" data-id=\"d990ec0\" data-element_type=\"container\">\n\t\t<div class=\"elementor-element elementor-element-ecc6fcc e-con-full e-flex e-con e-parent\" data-id=\"ecc6fcc\" data-element_type=\"container\" data-settings=\"{&quot;background_background&quot;:&quot;classic&quot;}\">\n\t\t\t\t<div class=\"elementor-element elementor-element-55c46f1 elementor-widget elementor-widget-heading\" data-id=\"55c46f1\" data-element_type=\"widget\" data-widget_type=\"heading.default\">\n\t\t\t\t<div class=\"elementor-widget-container\">\n\t\t\t\t\t<h2 class=\"elementor-heading-title elementor-size-default\">Para bodegas<\/h2>\t\t\t\t<\/div>\n\t\t\t\t<\/div>\n\t\t\t\t<div class=\"elementor-element elementor-element-49d0464 elementor-widget-divider--view-line elementor-widget elementor-widget-divider\" data-id=\"49d0464\" data-element_type=\"widget\" data-widget_type=\"divider.default\">\n\t\t\t\t<div class=\"elementor-widget-container\">\n\t\t\t\t\t\t\t<div class=\"elementor-divider\">\n\t\t\t<span class=\"elementor-divider-separator\">\n\t\t\t\t\t\t<\/span>\n\t\t<\/div>\n\t\t\t\t\t\t<\/div>\n\t\t\t\t<\/div>\n\t\t\t\t<div class=\"elementor-element elementor-element-a3b1f50 elementor-nav-menu__align-center elementor-nav-menu--dropdown-none elementor-widget elementor-widget-nav-menu\" data-id=\"a3b1f50\" data-element_type=\"widget\" data-settings=\"{&quot;layout&quot;:&quot;vertical&quot;,&quot;submenu_icon&quot;:{&quot;value&quot;:&quot;&lt;i class=\\&quot;fas fa-caret-down\\&quot; aria-hidden=\\&quot;true\\&quot;&gt;&lt;\\\/i&gt;&quot;,&quot;library&quot;:&quot;fa-solid&quot;}}\" data-widget_type=\"nav-menu.default\">\n\t\t\t\t<div class=\"elementor-widget-container\">\n\t\t\t\t\t\t\t\t<nav aria-label=\"Menu\" class=\"elementor-nav-menu--main elementor-nav-menu__container elementor-nav-menu--layout-vertical e--pointer-none\">\n\t\t\t\t<ul id=\"menu-1-a3b1f50\" class=\"elementor-nav-menu sm-vertical\"><li class=\"menu-item menu-item-type-post_type menu-item-object-page menu-item-1716\"><a href=\"https:\/\/grupoilovewine.es\/en\/para-bodegas\/imagen-y-video\/\" class=\"elementor-item\">Imagen y v\u00eddeo<\/a><\/li>\n<li class=\"menu-item menu-item-type-post_type menu-item-object-page menu-item-1715\"><a href=\"https:\/\/grupoilovewine.es\/en\/para-bodegas\/comercio-electronico-y-web\/\" class=\"elementor-item\">Comercio electr\u00f3nico y web<\/a><\/li>\n<li class=\"menu-item menu-item-type-post_type menu-item-object-page menu-item-1714\"><a href=\"https:\/\/grupoilovewine.es\/en\/para-bodegas\/comunicacion-y-marketing\/\" class=\"elementor-item\">Comunicaci\u00f3n y marketing<\/a><\/li>\n<li class=\"menu-item menu-item-type-post_type menu-item-object-page menu-item-1779\"><a href=\"https:\/\/grupoilovewine.es\/en\/para-bodegas\/distribucion\/\" class=\"elementor-item\">Distribuci\u00f3n<\/a><\/li>\n<li class=\"menu-item menu-item-type-post_type menu-item-object-page menu-item-1713\"><a href=\"https:\/\/grupoilovewine.es\/en\/para-bodegas\/scanbai\/\" class=\"elementor-item\">SCANBAI<\/a><\/li>\n<\/ul>\t\t\t<\/nav>\n\t\t\t\t\t\t<nav class=\"elementor-nav-menu--dropdown elementor-nav-menu__container\" aria-hidden=\"true\">\n\t\t\t\t<ul id=\"menu-2-a3b1f50\" class=\"elementor-nav-menu sm-vertical\"><li class=\"menu-item menu-item-type-post_type menu-item-object-page menu-item-1716\"><a href=\"https:\/\/grupoilovewine.es\/en\/para-bodegas\/imagen-y-video\/\" class=\"elementor-item\" tabindex=\"-1\">Imagen y v\u00eddeo<\/a><\/li>\n<li class=\"menu-item menu-item-type-post_type menu-item-object-page menu-item-1715\"><a href=\"https:\/\/grupoilovewine.es\/en\/para-bodegas\/comercio-electronico-y-web\/\" class=\"elementor-item\" tabindex=\"-1\">Comercio electr\u00f3nico y web<\/a><\/li>\n<li class=\"menu-item menu-item-type-post_type menu-item-object-page menu-item-1714\"><a href=\"https:\/\/grupoilovewine.es\/en\/para-bodegas\/comunicacion-y-marketing\/\" class=\"elementor-item\" tabindex=\"-1\">Comunicaci\u00f3n y marketing<\/a><\/li>\n<li class=\"menu-item menu-item-type-post_type menu-item-object-page menu-item-1779\"><a href=\"https:\/\/grupoilovewine.es\/en\/para-bodegas\/distribucion\/\" class=\"elementor-item\" tabindex=\"-1\">Distribuci\u00f3n<\/a><\/li>\n<li class=\"menu-item menu-item-type-post_type menu-item-object-page menu-item-1713\"><a href=\"https:\/\/grupoilovewine.es\/en\/para-bodegas\/scanbai\/\" class=\"elementor-item\" tabindex=\"-1\">SCANBAI<\/a><\/li>\n<\/ul>\t\t\t<\/nav>\n\t\t\t\t\t\t<\/div>\n\t\t\t\t<\/div>\n\t\t\t\t<\/div>\n\t\t\t\t<\/div>\n\t\t<div class=\"elementor-element elementor-element-800780a e-con-full e-flex e-con e-parent\" data-id=\"800780a\" data-element_type=\"container\">\n\t\t<div class=\"elementor-element elementor-element-cf10c79 e-con-full e-flex e-con e-parent\" data-id=\"cf10c79\" data-element_type=\"container\" data-settings=\"{&quot;background_background&quot;:&quot;classic&quot;}\">\n\t\t\t\t<div class=\"elementor-element elementor-element-df6f05f elementor-widget elementor-widget-heading\" data-id=\"df6f05f\" data-element_type=\"widget\" data-widget_type=\"heading.default\">\n\t\t\t\t<div class=\"elementor-widget-container\">\n\t\t\t\t\t<h2 class=\"elementor-heading-title elementor-size-default\">Turismo<\/h2>\t\t\t\t<\/div>\n\t\t\t\t<\/div>\n\t\t\t\t<div class=\"elementor-element elementor-element-457e958 elementor-widget-divider--view-line elementor-widget elementor-widget-divider\" data-id=\"457e958\" data-element_type=\"widget\" data-widget_type=\"divider.default\">\n\t\t\t\t<div class=\"elementor-widget-container\">\n\t\t\t\t\t\t\t<div class=\"elementor-divider\">\n\t\t\t<span class=\"elementor-divider-separator\">\n\t\t\t\t\t\t<\/span>\n\t\t<\/div>\n\t\t\t\t\t\t<\/div>\n\t\t\t\t<\/div>\n\t\t\t\t<div class=\"elementor-element elementor-element-d89e072 elementor-nav-menu__align-center elementor-nav-menu--dropdown-none elementor-widget elementor-widget-nav-menu\" data-id=\"d89e072\" data-element_type=\"widget\" data-settings=\"{&quot;layout&quot;:&quot;vertical&quot;,&quot;submenu_icon&quot;:{&quot;value&quot;:&quot;&lt;i class=\\&quot;fas fa-caret-down\\&quot; aria-hidden=\\&quot;true\\&quot;&gt;&lt;\\\/i&gt;&quot;,&quot;library&quot;:&quot;fa-solid&quot;}}\" data-widget_type=\"nav-menu.default\">\n\t\t\t\t<div class=\"elementor-widget-container\">\n\t\t\t\t\t\t\t\t<nav aria-label=\"Menu\" class=\"elementor-nav-menu--main elementor-nav-menu__container elementor-nav-menu--layout-vertical e--pointer-none\">\n\t\t\t\t<ul id=\"menu-1-d89e072\" class=\"elementor-nav-menu sm-vertical\"><li class=\"menu-item menu-item-type-post_type menu-item-object-page menu-item-1719\"><a href=\"https:\/\/grupoilovewine.es\/en\/turismo\/consultoria\/\" class=\"elementor-item\">Consultor\u00eda<\/a><\/li>\n<li class=\"menu-item menu-item-type-post_type menu-item-object-page menu-item-1717\"><a href=\"https:\/\/grupoilovewine.es\/en\/turismo\/agencia-sicted\/\" class=\"elementor-item\">Agencia SICTED<\/a><\/li>\n<\/ul>\t\t\t<\/nav>\n\t\t\t\t\t\t<nav class=\"elementor-nav-menu--dropdown elementor-nav-menu__container\" aria-hidden=\"true\">\n\t\t\t\t<ul id=\"menu-2-d89e072\" class=\"elementor-nav-menu sm-vertical\"><li class=\"menu-item menu-item-type-post_type menu-item-object-page menu-item-1719\"><a href=\"https:\/\/grupoilovewine.es\/en\/turismo\/consultoria\/\" class=\"elementor-item\" tabindex=\"-1\">Consultor\u00eda<\/a><\/li>\n<li class=\"menu-item menu-item-type-post_type menu-item-object-page menu-item-1717\"><a href=\"https:\/\/grupoilovewine.es\/en\/turismo\/agencia-sicted\/\" class=\"elementor-item\" tabindex=\"-1\">Agencia SICTED<\/a><\/li>\n<\/ul>\t\t\t<\/nav>\n\t\t\t\t\t\t<\/div>\n\t\t\t\t<\/div>\n\t\t\t\t<\/div>\n\t\t\t\t<\/div>\n\t\t\t\t<\/div>\n\t\t\t\t<\/div>\n\t\t<div class=\"elementor-element elementor-element-0e8e0b7 e-con-full fc-container-padding e-flex e-con e-parent\" data-id=\"0e8e0b7\" data-element_type=\"container\" data-settings=\"{&quot;background_background&quot;:&quot;classic&quot;}\">\n\t\t<div class=\"elementor-element elementor-element-5163732 e-con-full e-flex e-con e-parent\" data-id=\"5163732\" data-element_type=\"container\">\n\t\t\t\t<div class=\"elementor-element elementor-element-7e184fa elementor-widget elementor-widget-image\" data-id=\"7e184fa\" data-element_type=\"widget\" data-widget_type=\"image.default\">\n\t\t\t\t<div class=\"elementor-widget-container\">\n\t\t\t\t\t\t\t\t\t\t\t\t\t\t\t<img fetchpriority=\"high\" decoding=\"async\" width=\"290\" height=\"1024\" src=\"https:\/\/grupoilovewine.es\/wp-content\/uploads\/2023\/06\/vino-berta-valganon-ilovewine-290x1024.png\" class=\"attachment-large size-large wp-image-1339\" alt=\"Imagen de botella de vino Berta Valga\u00f1on\" srcset=\"https:\/\/grupoilovewine.es\/wp-content\/uploads\/2023\/06\/vino-berta-valganon-ilovewine-290x1024.png 290w, https:\/\/grupoilovewine.es\/wp-content\/uploads\/2023\/06\/vino-berta-valganon-ilovewine-85x300.png 85w, https:\/\/grupoilovewine.es\/wp-content\/uploads\/2023\/06\/vino-berta-valganon-ilovewine-3x12.png 3w, https:\/\/grupoilovewine.es\/wp-content\/uploads\/2023\/06\/vino-berta-valganon-ilovewine.png 325w\" sizes=\"(max-width: 290px) 100vw, 290px\" \/>\t\t\t\t\t\t\t\t\t\t\t\t\t\t\t<\/div>\n\t\t\t\t<\/div>\n\t\t\t\t<\/div>\n\t\t<div class=\"elementor-element elementor-element-d53ba71 fc-container-col e-flex e-con-boxed e-con e-parent\" data-id=\"d53ba71\" data-element_type=\"container\">\n\t\t\t\t\t<div class=\"e-con-inner\">\n\t\t\t\t<div class=\"elementor-element elementor-element-3d6faf0 elementor-widget elementor-widget-heading\" data-id=\"3d6faf0\" data-element_type=\"widget\" data-widget_type=\"heading.default\">\n\t\t\t\t<div class=\"elementor-widget-container\">\n\t\t\t\t\t<h2 class=\"elementor-heading-title elementor-size-default\">REGALA <font color=\"#d33a27\">VINO<\/font><\/h2>\t\t\t\t<\/div>\n\t\t\t\t<\/div>\n\t\t\t\t<div class=\"elementor-element elementor-element-87b28fa elementor-widget elementor-widget-text-editor\" data-id=\"87b28fa\" data-element_type=\"widget\" data-widget_type=\"text-editor.default\">\n\t\t\t\t<div class=\"elementor-widget-container\">\n\t\t\t\t\t\t\t\t\t<p>La esmerada selecci\u00f3n de uvas en estado sanitario \u00f3ptimo as\u00ed como las cuidadosas elaboraciones con m\u00e9todos respetuosos con el medio ambiente son prioritarias en nuestra b\u00fasqueda de la m\u00e1xima calidad y excelencia.<\/p>\t\t\t\t\t\t\t\t<\/div>\n\t\t\t\t<\/div>\n\t\t<div class=\"elementor-element elementor-element-bca7ca0 e-flex e-con-boxed e-con e-parent\" data-id=\"bca7ca0\" data-element_type=\"container\">\n\t\t\t\t\t<div class=\"e-con-inner\">\n\t\t\t\t<div class=\"elementor-element elementor-element-17f9839 elementor-widget__width-auto elementor-widget elementor-widget-button\" data-id=\"17f9839\" data-element_type=\"widget\" data-widget_type=\"button.default\">\n\t\t\t\t<div class=\"elementor-widget-container\">\n\t\t\t\t\t\t\t\t\t<div class=\"elementor-button-wrapper\">\n\t\t\t\t\t<a class=\"elementor-button elementor-button-link elementor-size-sm\" href=\"https:\/\/www.ilovewine.eu\/es\/\" target=\"_blank\" rel=\"noopener\">\n\t\t\t\t\t\t<span class=\"elementor-button-content-wrapper\">\n\t\t\t\t\t\t\t\t\t<span class=\"elementor-button-text\">VISITA NUESTRA TIENDA ONLINE<\/span>\n\t\t\t\t\t<\/span>\n\t\t\t\t\t<\/a>\n\t\t\t\t<\/div>\n\t\t\t\t\t\t\t\t<\/div>\n\t\t\t\t<\/div>\n\t\t\t\t\t<\/div>\n\t\t\t\t<\/div>\n\t\t\t\t\t<\/div>\n\t\t\t\t<\/div>\n\t\t\t\t<\/div>\n\t\t\t\t<\/div>","protected":false},"excerpt":{"rendered":"<p>pasi\u00f3n y amor por el vino Comprometidos con el mundo del vino Somos una empresa dedicada al sector del vino y especializada en el desarrollo de productos y servicios orientados a la digitalizaci\u00f3n eficiente de bodegas y sus vinos. \u00bfQuieres saber m\u00e1s? Nuestras marcas Para bodegas Turismo REGALA VINO La esmerada selecci\u00f3n de uvas en [&hellip;]<\/p>","protected":false},"author":1,"featured_media":0,"parent":0,"menu_order":1,"comment_status":"closed","ping_status":"closed","template":"","meta":{"_acf_changed":false,"footnotes":""},"class_list":["post-42","page","type-page","status-publish","hentry"],"acf":[],"_links":{"self":[{"href":"https:\/\/grupoilovewine.es\/en\/wp-json\/wp\/v2\/pages\/42","targetHints":{"allow":["GET"]}}],"collection":[{"href":"https:\/\/grupoilovewine.es\/en\/wp-json\/wp\/v2\/pages"}],"about":[{"href":"https:\/\/grupoilovewine.es\/en\/wp-json\/wp\/v2\/types\/page"}],"author":[{"embeddable":true,"href":"https:\/\/grupoilovewine.es\/en\/wp-json\/wp\/v2\/users\/1"}],"replies":[{"embeddable":true,"href":"https:\/\/grupoilovewine.es\/en\/wp-json\/wp\/v2\/comments?post=42"}],"version-history":[{"count":430,"href":"https:\/\/grupoilovewine.es\/en\/wp-json\/wp\/v2\/pages\/42\/revisions"}],"predecessor-version":[{"id":1814,"href":"https:\/\/grupoilovewine.es\/en\/wp-json\/wp\/v2\/pages\/42\/revisions\/1814"}],"wp:attachment":[{"href":"https:\/\/grupoilovewine.es\/en\/wp-json\/wp\/v2\/media?parent=42"}],"curies":[{"name":"wp","href":"https:\/\/api.w.org\/{rel}","templated":true}]}}