{"id":178,"date":"2022-10-14T09:48:31","date_gmt":"2022-10-14T07:48:31","guid":{"rendered":"https:\/\/grupoilovewine.es\/?page_id=178"},"modified":"2023-07-08T10:30:03","modified_gmt":"2023-07-08T08:30:03","slug":"sobre-nosotros","status":"publish","type":"page","link":"https:\/\/grupoilovewine.es\/en\/sobre-nosotros\/","title":{"rendered":"Sobre nosotros"},"content":{"rendered":"<div data-elementor-type=\"wp-page\" data-elementor-id=\"178\" class=\"elementor elementor-178\" data-elementor-settings=\"{&quot;ha_cmc_init_switcher&quot;:&quot;no&quot;}\" data-elementor-post-type=\"page\">\n\t\t\t\t<div class=\"elementor-element elementor-element-d995347 e-flex e-con-boxed e-con e-parent\" data-id=\"d995347\" data-element_type=\"container\" data-settings=\"{&quot;background_background&quot;:&quot;classic&quot;}\">\n\t\t\t\t\t<div class=\"e-con-inner\">\n\t\t<div class=\"elementor-element elementor-element-04fd52b e-con-full fc-container-equal e-flex e-con e-parent\" data-id=\"04fd52b\" data-element_type=\"container\">\n\t\t<div class=\"elementor-element elementor-element-1ee9898 e-flex e-con-boxed e-con e-parent\" data-id=\"1ee9898\" data-element_type=\"container\">\n\t\t\t\t\t<div class=\"e-con-inner\">\n\t\t\t\t<div class=\"elementor-element elementor-element-74db96d elementor-widget elementor-widget-heading\" data-id=\"74db96d\" data-element_type=\"widget\" data-widget_type=\"heading.default\">\n\t\t\t\t<div class=\"elementor-widget-container\">\n\t\t\t\t\t<h1 class=\"elementor-heading-title elementor-size-default\">Sobre Nosotros<\/h1>\t\t\t\t<\/div>\n\t\t\t\t<\/div>\n\t\t\t\t\t<\/div>\n\t\t\t\t<\/div>\n\t\t\t\t<\/div>\n\t\t\t\t\t<\/div>\n\t\t\t\t<\/div>\n\t\t<div class=\"elementor-element elementor-element-451c214 e-con-full fc-container-padding e-flex e-con e-parent\" data-id=\"451c214\" data-element_type=\"container\" data-settings=\"{&quot;background_background&quot;:&quot;classic&quot;}\">\n\t\t<div class=\"elementor-element elementor-element-b870f4b fc-container-col e-flex e-con-boxed e-con e-parent\" data-id=\"b870f4b\" data-element_type=\"container\">\n\t\t\t\t\t<div class=\"e-con-inner\">\n\t\t\t\t<div class=\"elementor-element elementor-element-149bc10 elementor-widget elementor-widget-text-editor\" data-id=\"149bc10\" data-element_type=\"widget\" data-widget_type=\"text-editor.default\">\n\t\t\t\t<div class=\"elementor-widget-container\">\n\t\t\t\t\t\t\t\t\t<p>\u201cLa idea de crear <strong>ILOVEWINE<\/strong> surgi\u00f3 durante una etapa de reinvenci\u00f3n profesional. La experiencia acumulada como director de restauraci\u00f3n y sumiller me hab\u00edan acercado al sector del vino. Fruto de la inquietud y de las nuevas tendencias del mercado, como el comercio electr\u00f3nico y la digitalizaci\u00f3n, se presentaban como una oportunidad. Tras unos meses recopilando informaci\u00f3n y estudiando el mercado, present\u00e9 la idea de negocio a personas de m\u00e1xima confianza. Ellos, Diego, Jorge, Juan Ignacio y Mikel, dispuestos a embarcarse en este proyecto como socios fundadores, mantienen su compromiso en <strong>ILOVEWINE<\/strong>.\u201d<\/p>\t\t\t\t\t\t\t\t<\/div>\n\t\t\t\t<\/div>\n\t\t\t\t<div class=\"elementor-element elementor-element-7300ab3 elementor-widget elementor-widget-text-editor\" data-id=\"7300ab3\" data-element_type=\"widget\" data-widget_type=\"text-editor.default\">\n\t\t\t\t<div class=\"elementor-widget-container\">\n\t\t\t\t\t\t\t\t\t<p>\u00a0(Carlos Hierro)<\/p>\t\t\t\t\t\t\t\t<\/div>\n\t\t\t\t<\/div>\n\t\t\t\t\t<\/div>\n\t\t\t\t<\/div>\n\t\t\t\t<\/div>\n\t\t<div class=\"elementor-element elementor-element-d3da2df e-con-full fc-container-padding e-flex e-con e-parent\" data-id=\"d3da2df\" data-element_type=\"container\" data-settings=\"{&quot;background_background&quot;:&quot;classic&quot;}\">\n\t\t<div class=\"elementor-element elementor-element-e8f2e99 e-flex e-con-boxed e-con e-parent\" data-id=\"e8f2e99\" data-element_type=\"container\">\n\t\t\t\t\t<div class=\"e-con-inner\">\n\t\t<div class=\"elementor-element elementor-element-14340f4 fc-container-col e-flex e-con-boxed e-con e-parent\" data-id=\"14340f4\" data-element_type=\"container\">\n\t\t\t\t\t<div class=\"e-con-inner\">\n\t\t\t\t<div class=\"elementor-element elementor-element-c6ba58c elementor-widget elementor-widget-heading\" data-id=\"c6ba58c\" data-element_type=\"widget\" data-widget_type=\"heading.default\">\n\t\t\t\t<div class=\"elementor-widget-container\">\n\t\t\t\t\t<h2 class=\"elementor-heading-title elementor-size-default\">Coraz\u00f3n feliz<\/h2>\t\t\t\t<\/div>\n\t\t\t\t<\/div>\n\t\t\t\t<div class=\"elementor-element elementor-element-4b2d9ac elementor-widget elementor-widget-text-editor\" data-id=\"4b2d9ac\" data-element_type=\"widget\" data-widget_type=\"text-editor.default\">\n\t\t\t\t<div class=\"elementor-widget-container\">\n\t\t\t\t\t\t\t\t\t<p>El Coraz\u00f3n Feliz representa ilusi\u00f3n, pasi\u00f3n, alegr\u00eda, felicidad, amor, bienestar, salud, calidad de vida y optimismo. La sonrisa levemente ladeada representa nuestra imperfecci\u00f3n. La sonrisa imperfecta\u00a0del Coraz\u00f3n Feliz\u00a0nos recuerda nuestro compromiso por la mejora continua, por nuestros principios y valores, el compromiso con los RRHH, la RSC y por la sostenibilidad de nuestro planeta.<\/p>\t\t\t\t\t\t\t\t<\/div>\n\t\t\t\t<\/div>\n\t\t\t\t\t<\/div>\n\t\t\t\t<\/div>\n\t\t<div class=\"elementor-element elementor-element-433cf09 fc-container-col e-flex e-con-boxed e-con e-parent\" data-id=\"433cf09\" data-element_type=\"container\">\n\t\t\t\t\t<div class=\"e-con-inner\">\n\t\t\t\t<div class=\"elementor-element elementor-element-9461639 elementor-widget elementor-widget-image\" data-id=\"9461639\" data-element_type=\"widget\" data-widget_type=\"image.default\">\n\t\t\t\t<div class=\"elementor-widget-container\">\n\t\t\t\t\t\t\t\t\t\t\t\t\t\t\t<img fetchpriority=\"high\" decoding=\"async\" width=\"754\" height=\"641\" src=\"https:\/\/grupoilovewine.es\/wp-content\/uploads\/2023\/06\/ilovewine-corazon-feliz.png\" class=\"attachment-large size-large wp-image-1763\" alt=\"Icono de coraz\u00f3n sonriente\" srcset=\"https:\/\/grupoilovewine.es\/wp-content\/uploads\/2023\/06\/ilovewine-corazon-feliz.png 754w, https:\/\/grupoilovewine.es\/wp-content\/uploads\/2023\/06\/ilovewine-corazon-feliz-300x255.png 300w, https:\/\/grupoilovewine.es\/wp-content\/uploads\/2023\/06\/ilovewine-corazon-feliz-14x12.png 14w\" sizes=\"(max-width: 754px) 100vw, 754px\" \/>\t\t\t\t\t\t\t\t\t\t\t\t\t\t\t<\/div>\n\t\t\t\t<\/div>\n\t\t\t\t\t<\/div>\n\t\t\t\t<\/div>\n\t\t\t\t\t<\/div>\n\t\t\t\t<\/div>\n\t\t\t\t<\/div>\n\t\t<div class=\"elementor-element elementor-element-a41d8ae fc-container-padding e-flex e-con-boxed e-con e-parent\" data-id=\"a41d8ae\" data-element_type=\"container\" data-settings=\"{&quot;background_background&quot;:&quot;classic&quot;}\">\n\t\t\t\t\t<div class=\"e-con-inner\">\n\t\t<div class=\"elementor-element elementor-element-a01a25c e-flex e-con-boxed e-con e-parent\" data-id=\"a01a25c\" data-element_type=\"container\">\n\t\t\t\t\t<div class=\"e-con-inner\">\n\t\t\t\t<div class=\"elementor-element elementor-element-cff159b elementor-widget elementor-widget-text-editor\" data-id=\"cff159b\" data-element_type=\"widget\" data-widget_type=\"text-editor.default\">\n\t\t\t\t<div class=\"elementor-widget-container\">\n\t\t\t\t\t\t\t\t\t<p>Nuestra trayectoria<\/p>\t\t\t\t\t\t\t\t<\/div>\n\t\t\t\t<\/div>\n\t\t\t\t<div class=\"elementor-element elementor-element-65f0ffe elementor-widget-divider--view-line elementor-widget elementor-widget-divider\" data-id=\"65f0ffe\" data-element_type=\"widget\" data-widget_type=\"divider.default\">\n\t\t\t\t<div class=\"elementor-widget-container\">\n\t\t\t\t\t\t\t<div class=\"elementor-divider\">\n\t\t\t<span class=\"elementor-divider-separator\">\n\t\t\t\t\t\t<\/span>\n\t\t<\/div>\n\t\t\t\t\t\t<\/div>\n\t\t\t\t<\/div>\n\t\t\t\t<div class=\"elementor-element elementor-element-05a0aa6 elementor-widget elementor-widget-spacer\" data-id=\"05a0aa6\" data-element_type=\"widget\" data-widget_type=\"spacer.default\">\n\t\t\t\t<div class=\"elementor-widget-container\">\n\t\t\t\t\t\t\t<div class=\"elementor-spacer\">\n\t\t\t<div class=\"elementor-spacer-inner\"><\/div>\n\t\t<\/div>\n\t\t\t\t\t\t<\/div>\n\t\t\t\t<\/div>\n\t\t\t\t<div class=\"elementor-element elementor-element-051a646 elementor-widget elementor-widget-ha-horizontal-timeline happy-addon ha-horizontal-timeline\" data-id=\"051a646\" data-element_type=\"widget\" data-settings=\"{&quot;animation_speed&quot;:800,&quot;slides_to_show&quot;:3,&quot;slides_to_show_tablet&quot;:3,&quot;slides_to_show_mobile&quot;:2}\" data-widget_type=\"ha-horizontal-timeline.default\">\n\t\t\t\t<div class=\"elementor-widget-container\">\n\t\t\t\t\t\t\t<div class=\"ha-horizontal-timeline-wrapper ha-carousel\">\n\n\t\t\t\t\t\t\t<div class=\"ha-horizontal-timeline-block elementor-repeater-item-9f0c640\">\n\t\t\t\t\t<div class=\"ha-horizontal-timeline-icon-box\">\n\n\t\t\t\t\t\t<span class=\"ha-horizontal-timeline-date\">Julio 2010<\/span>\n\n\t\t\t\t\t\t<div class=\"ha-horizontal-timeline-top-inner\">\n\t\t\t\t\t\t\t\t\t\t\t\t\t\t\t<div class=\"ha-horizontal-timeline-icon\">\n\t\t\t\t\t\t\t\t\t<i aria-hidden=\"true\" class=\"fas fa-certificate\"><\/i>\t\t\t\t\t\t\t\t<\/div>\n\t\t\t\t\t\t\t\t\t\t\t\t\t\t<div class=\"ha-horizontal-timeline-tree\"><\/div>\n\t\t\t\t\t\t<\/div>\n\t\t\t\t\t<\/div>\n\n\t\t\t\t\t<div class=\"ha-horizontal-timeline-content\">\n\n\t\t\t\t\t\t\t\t\t\t\t\t\t<div class=\"ha-horizontal-timeline-arrow\"><\/div>\n\t\t\t\t\t\t\n\t\t\t\t\t\t<div class=\"ha-horizontal-timeline-inner\">\n\t\t\t\t\t\t\t\t\t\t\t\t\t\t\t\t\t\t\t\t\t\t\t<div class=\"ha-horizontal-timeline-image\" >\n\t\t\t\t\t\t\t\t\t<img decoding=\"async\" width=\"300\" height=\"300\" src=\"https:\/\/grupoilovewine.es\/wp-content\/uploads\/2023\/06\/ilovewine-nosotros-creacion-empresa-300x300.jpg\" class=\"attachment-medium size-medium wp-image-1751\" alt=\"Sello I love wine\" srcset=\"https:\/\/grupoilovewine.es\/wp-content\/uploads\/2023\/06\/ilovewine-nosotros-creacion-empresa-300x300.jpg 300w, https:\/\/grupoilovewine.es\/wp-content\/uploads\/2023\/06\/ilovewine-nosotros-creacion-empresa-150x150.jpg 150w, https:\/\/grupoilovewine.es\/wp-content\/uploads\/2023\/06\/ilovewine-nosotros-creacion-empresa-12x12.jpg 12w, https:\/\/grupoilovewine.es\/wp-content\/uploads\/2023\/06\/ilovewine-nosotros-creacion-empresa.jpg 600w\" sizes=\"(max-width: 300px) 100vw, 300px\" \/>\t\t\t\t\t\t\t\t<\/div>\n\t\t\t\t\t\t\t\n\t\t\t\t\t\t\t<h2 class=\"ha-horizontal-timeline-title\">Se crea ILOVEWINE, S.L.<\/h2>\n\t\t\t\t\t\t\t\n\t\t\t\t\t\t\t\t\t\t\t\t\t<\/div>\n\t\t\t\t\t<\/div>\n\t\t\t\t<\/div>\n\n\t\t\t\t\t\t\t<div class=\"ha-horizontal-timeline-block elementor-repeater-item-06200d3\">\n\t\t\t\t\t<div class=\"ha-horizontal-timeline-icon-box\">\n\n\t\t\t\t\t\t<span class=\"ha-horizontal-timeline-date\">Diciembre 2010<\/span>\n\n\t\t\t\t\t\t<div class=\"ha-horizontal-timeline-top-inner\">\n\t\t\t\t\t\t\t\t\t\t\t\t\t\t\t<div class=\"ha-horizontal-timeline-icon\">\n\t\t\t\t\t\t\t\t\t<i aria-hidden=\"true\" class=\"fas fa-certificate\"><\/i>\t\t\t\t\t\t\t\t<\/div>\n\t\t\t\t\t\t\t\t\t\t\t\t\t\t<div class=\"ha-horizontal-timeline-tree\"><\/div>\n\t\t\t\t\t\t<\/div>\n\t\t\t\t\t<\/div>\n\n\t\t\t\t\t<div class=\"ha-horizontal-timeline-content\">\n\n\t\t\t\t\t\t\t\t\t\t\t\t\t<div class=\"ha-horizontal-timeline-arrow\"><\/div>\n\t\t\t\t\t\t\n\t\t\t\t\t\t<div class=\"ha-horizontal-timeline-inner\">\n\t\t\t\t\t\t\t\t\t\t\t\t\t\t\t\t\t\t\t\t\t\t\t<div class=\"ha-horizontal-timeline-image\" >\n\t\t\t\t\t\t\t\t\t<img decoding=\"async\" width=\"300\" height=\"300\" src=\"https:\/\/grupoilovewine.es\/wp-content\/uploads\/2022\/10\/servicio-ilovewine-2-300x300.jpg\" class=\"attachment-medium size-medium wp-image-1542\" alt=\"Imagen de varios dispositivos digitales\" srcset=\"https:\/\/grupoilovewine.es\/wp-content\/uploads\/2022\/10\/servicio-ilovewine-2-300x300.jpg 300w, https:\/\/grupoilovewine.es\/wp-content\/uploads\/2022\/10\/servicio-ilovewine-2-150x150.jpg 150w, https:\/\/grupoilovewine.es\/wp-content\/uploads\/2022\/10\/servicio-ilovewine-2-12x12.jpg 12w, https:\/\/grupoilovewine.es\/wp-content\/uploads\/2022\/10\/servicio-ilovewine-2.jpg 600w\" sizes=\"(max-width: 300px) 100vw, 300px\" \/>\t\t\t\t\t\t\t\t<\/div>\n\t\t\t\t\t\t\t\n\t\t\t\t\t\t\t<h2 class=\"ha-horizontal-timeline-title\">Lanzamiento de ilovewine.eu<\/h2>\n\t\t\t\t\t\t\t\n\t\t\t\t\t\t\t\t\t\t\t\t\t<\/div>\n\t\t\t\t\t<\/div>\n\t\t\t\t<\/div>\n\n\t\t\t\t\t\t\t<div class=\"ha-horizontal-timeline-block elementor-repeater-item-cda67ea\">\n\t\t\t\t\t<div class=\"ha-horizontal-timeline-icon-box\">\n\n\t\t\t\t\t\t<span class=\"ha-horizontal-timeline-date\">Marzo 2013<\/span>\n\n\t\t\t\t\t\t<div class=\"ha-horizontal-timeline-top-inner\">\n\t\t\t\t\t\t\t\t\t\t\t\t\t\t\t<div class=\"ha-horizontal-timeline-icon\">\n\t\t\t\t\t\t\t\t\t<i aria-hidden=\"true\" class=\"fas fa-certificate\"><\/i>\t\t\t\t\t\t\t\t<\/div>\n\t\t\t\t\t\t\t\t\t\t\t\t\t\t<div class=\"ha-horizontal-timeline-tree\"><\/div>\n\t\t\t\t\t\t<\/div>\n\t\t\t\t\t<\/div>\n\n\t\t\t\t\t<div class=\"ha-horizontal-timeline-content\">\n\n\t\t\t\t\t\t\t\t\t\t\t\t\t<div class=\"ha-horizontal-timeline-arrow\"><\/div>\n\t\t\t\t\t\t\n\t\t\t\t\t\t<div class=\"ha-horizontal-timeline-inner\">\n\t\t\t\t\t\t\t\t\t\t\t\t\t\t\t\t\t\t\t\t\t\t\t<div class=\"ha-horizontal-timeline-image\" >\n\t\t\t\t\t\t\t\t\t<img loading=\"lazy\" decoding=\"async\" width=\"300\" height=\"300\" src=\"https:\/\/grupoilovewine.es\/wp-content\/uploads\/2022\/10\/servicio-ilovewine-1-300x300.jpg\" class=\"attachment-medium size-medium wp-image-1541\" alt=\"Imagen de mapa mundi con varios destinos\" srcset=\"https:\/\/grupoilovewine.es\/wp-content\/uploads\/2022\/10\/servicio-ilovewine-1-300x300.jpg 300w, https:\/\/grupoilovewine.es\/wp-content\/uploads\/2022\/10\/servicio-ilovewine-1-150x150.jpg 150w, https:\/\/grupoilovewine.es\/wp-content\/uploads\/2022\/10\/servicio-ilovewine-1-768x768.jpg 768w, https:\/\/grupoilovewine.es\/wp-content\/uploads\/2022\/10\/servicio-ilovewine-1-12x12.jpg 12w, https:\/\/grupoilovewine.es\/wp-content\/uploads\/2022\/10\/servicio-ilovewine-1.jpg 960w\" sizes=\"(max-width: 300px) 100vw, 300px\" \/>\t\t\t\t\t\t\t\t<\/div>\n\t\t\t\t\t\t\t\n\t\t\t\t\t\t\t<h2 class=\"ha-horizontal-timeline-title\">Lanzamiento de enviarvino.com<\/h2>\n\t\t\t\t\t\t\t\n\t\t\t\t\t\t\t\t\t\t\t\t\t<\/div>\n\t\t\t\t\t<\/div>\n\t\t\t\t<\/div>\n\n\t\t\t\t\t\t\t<div class=\"ha-horizontal-timeline-block elementor-repeater-item-8a83da8\">\n\t\t\t\t\t<div class=\"ha-horizontal-timeline-icon-box\">\n\n\t\t\t\t\t\t<span class=\"ha-horizontal-timeline-date\">Marzo 2015<\/span>\n\n\t\t\t\t\t\t<div class=\"ha-horizontal-timeline-top-inner\">\n\t\t\t\t\t\t\t\t\t\t\t\t\t\t\t<div class=\"ha-horizontal-timeline-icon\">\n\t\t\t\t\t\t\t\t\t<i aria-hidden=\"true\" class=\"fas fa-certificate\"><\/i>\t\t\t\t\t\t\t\t<\/div>\n\t\t\t\t\t\t\t\t\t\t\t\t\t\t<div class=\"ha-horizontal-timeline-tree\"><\/div>\n\t\t\t\t\t\t<\/div>\n\t\t\t\t\t<\/div>\n\n\t\t\t\t\t<div class=\"ha-horizontal-timeline-content\">\n\n\t\t\t\t\t\t\t\t\t\t\t\t\t<div class=\"ha-horizontal-timeline-arrow\"><\/div>\n\t\t\t\t\t\t\n\t\t\t\t\t\t<div class=\"ha-horizontal-timeline-inner\">\n\t\t\t\t\t\t\t\t\t\t\t\t\t\t\t\t\t\t\t\t\t\t\t<div class=\"ha-horizontal-timeline-image\" >\n\t\t\t\t\t\t\t\t\t<img loading=\"lazy\" decoding=\"async\" width=\"300\" height=\"300\" src=\"https:\/\/grupoilovewine.es\/wp-content\/uploads\/2023\/06\/ilovewine-nosotros-scanbai-300x300.jpg\" class=\"attachment-medium size-medium wp-image-1745\" alt=\"Logotipo de SCANBAI\" srcset=\"https:\/\/grupoilovewine.es\/wp-content\/uploads\/2023\/06\/ilovewine-nosotros-scanbai-300x300.jpg 300w, https:\/\/grupoilovewine.es\/wp-content\/uploads\/2023\/06\/ilovewine-nosotros-scanbai-150x150.jpg 150w, https:\/\/grupoilovewine.es\/wp-content\/uploads\/2023\/06\/ilovewine-nosotros-scanbai-12x12.jpg 12w, https:\/\/grupoilovewine.es\/wp-content\/uploads\/2023\/06\/ilovewine-nosotros-scanbai.jpg 600w\" sizes=\"(max-width: 300px) 100vw, 300px\" \/>\t\t\t\t\t\t\t\t<\/div>\n\t\t\t\t\t\t\t\n\t\t\t\t\t\t\t<h2 class=\"ha-horizontal-timeline-title\">Lanzamiento de scanbai.com<\/h2>\n\t\t\t\t\t\t\t\n\t\t\t\t\t\t\t\t\t\t\t\t\t<\/div>\n\t\t\t\t\t<\/div>\n\t\t\t\t<\/div>\n\n\t\t\t\t\t\t\t<div class=\"ha-horizontal-timeline-block elementor-repeater-item-a6b0436\">\n\t\t\t\t\t<div class=\"ha-horizontal-timeline-icon-box\">\n\n\t\t\t\t\t\t<span class=\"ha-horizontal-timeline-date\">Junio 2020<\/span>\n\n\t\t\t\t\t\t<div class=\"ha-horizontal-timeline-top-inner\">\n\t\t\t\t\t\t\t\t\t\t\t\t\t\t\t<div class=\"ha-horizontal-timeline-icon\">\n\t\t\t\t\t\t\t\t\t<i aria-hidden=\"true\" class=\"fas fa-certificate\"><\/i>\t\t\t\t\t\t\t\t<\/div>\n\t\t\t\t\t\t\t\t\t\t\t\t\t\t<div class=\"ha-horizontal-timeline-tree\"><\/div>\n\t\t\t\t\t\t<\/div>\n\t\t\t\t\t<\/div>\n\n\t\t\t\t\t<div class=\"ha-horizontal-timeline-content\">\n\n\t\t\t\t\t\t\t\t\t\t\t\t\t<div class=\"ha-horizontal-timeline-arrow\"><\/div>\n\t\t\t\t\t\t\n\t\t\t\t\t\t<div class=\"ha-horizontal-timeline-inner\">\n\t\t\t\t\t\t\t\t\t\t\t\t\t\t\t\t\t\t\t\t\t\t\t<div class=\"ha-horizontal-timeline-image\" >\n\t\t\t\t\t\t\t\t\t<img loading=\"lazy\" decoding=\"async\" width=\"300\" height=\"300\" src=\"https:\/\/grupoilovewine.es\/wp-content\/uploads\/2022\/10\/servicio-ecovinobox-300x300.jpg\" class=\"attachment-medium size-medium wp-image-1547\" alt=\"Imagen de cajas de Ecovinobox\" srcset=\"https:\/\/grupoilovewine.es\/wp-content\/uploads\/2022\/10\/servicio-ecovinobox-300x300.jpg 300w, https:\/\/grupoilovewine.es\/wp-content\/uploads\/2022\/10\/servicio-ecovinobox-150x150.jpg 150w, https:\/\/grupoilovewine.es\/wp-content\/uploads\/2022\/10\/servicio-ecovinobox-768x768.jpg 768w, https:\/\/grupoilovewine.es\/wp-content\/uploads\/2022\/10\/servicio-ecovinobox-12x12.jpg 12w, https:\/\/grupoilovewine.es\/wp-content\/uploads\/2022\/10\/servicio-ecovinobox.jpg 960w\" sizes=\"(max-width: 300px) 100vw, 300px\" \/>\t\t\t\t\t\t\t\t<\/div>\n\t\t\t\t\t\t\t\n\t\t\t\t\t\t\t<h2 class=\"ha-horizontal-timeline-title\">Lanzamiento de ecovinobox.com<\/h2>\n\t\t\t\t\t\t\t\n\t\t\t\t\t\t\t\t\t\t\t\t\t<\/div>\n\t\t\t\t\t<\/div>\n\t\t\t\t<\/div>\n\n\t\t\t\t\t\t\t<div class=\"ha-horizontal-timeline-block elementor-repeater-item-2f00689\">\n\t\t\t\t\t<div class=\"ha-horizontal-timeline-icon-box\">\n\n\t\t\t\t\t\t<span class=\"ha-horizontal-timeline-date\">Junio 2021<\/span>\n\n\t\t\t\t\t\t<div class=\"ha-horizontal-timeline-top-inner\">\n\t\t\t\t\t\t\t\t\t\t\t\t\t\t\t<div class=\"ha-horizontal-timeline-icon\">\n\t\t\t\t\t\t\t\t\t<i aria-hidden=\"true\" class=\"fas fa-certificate\"><\/i>\t\t\t\t\t\t\t\t<\/div>\n\t\t\t\t\t\t\t\t\t\t\t\t\t\t<div class=\"ha-horizontal-timeline-tree\"><\/div>\n\t\t\t\t\t\t<\/div>\n\t\t\t\t\t<\/div>\n\n\t\t\t\t\t<div class=\"ha-horizontal-timeline-content\">\n\n\t\t\t\t\t\t\t\t\t\t\t\t\t<div class=\"ha-horizontal-timeline-arrow\"><\/div>\n\t\t\t\t\t\t\n\t\t\t\t\t\t<div class=\"ha-horizontal-timeline-inner\">\n\t\t\t\t\t\t\t\t\t\t\t\t\t\t\t\t\t\t\t\t\t\t\t<div class=\"ha-horizontal-timeline-image\" >\n\t\t\t\t\t\t\t\t\t<img loading=\"lazy\" decoding=\"async\" width=\"300\" height=\"300\" src=\"https:\/\/grupoilovewine.es\/wp-content\/uploads\/2022\/10\/servicio-eurowinetours-300x300.jpg\" class=\"attachment-medium size-medium wp-image-1548\" alt=\"Imagen de personas en una cata de vinos\" srcset=\"https:\/\/grupoilovewine.es\/wp-content\/uploads\/2022\/10\/servicio-eurowinetours-300x300.jpg 300w, https:\/\/grupoilovewine.es\/wp-content\/uploads\/2022\/10\/servicio-eurowinetours-150x150.jpg 150w, https:\/\/grupoilovewine.es\/wp-content\/uploads\/2022\/10\/servicio-eurowinetours-768x768.jpg 768w, https:\/\/grupoilovewine.es\/wp-content\/uploads\/2022\/10\/servicio-eurowinetours-12x12.jpg 12w, https:\/\/grupoilovewine.es\/wp-content\/uploads\/2022\/10\/servicio-eurowinetours.jpg 960w\" sizes=\"(max-width: 300px) 100vw, 300px\" \/>\t\t\t\t\t\t\t\t<\/div>\n\t\t\t\t\t\t\t\n\t\t\t\t\t\t\t<h2 class=\"ha-horizontal-timeline-title\">Lanzamiento de eurowinetours.com<\/h2>\n\t\t\t\t\t\t\t\n\t\t\t\t\t\t\t\t\t\t\t\t\t<\/div>\n\t\t\t\t\t<\/div>\n\t\t\t\t<\/div>\n\n\t\t\t\t\t\t\t<div class=\"ha-horizontal-timeline-block elementor-repeater-item-a76554c\">\n\t\t\t\t\t<div class=\"ha-horizontal-timeline-icon-box\">\n\n\t\t\t\t\t\t<span class=\"ha-horizontal-timeline-date\">Enero 2023<\/span>\n\n\t\t\t\t\t\t<div class=\"ha-horizontal-timeline-top-inner\">\n\t\t\t\t\t\t\t\t\t\t\t\t\t\t\t<div class=\"ha-horizontal-timeline-icon\">\n\t\t\t\t\t\t\t\t\t<i aria-hidden=\"true\" class=\"fas fa-certificate\"><\/i>\t\t\t\t\t\t\t\t<\/div>\n\t\t\t\t\t\t\t\t\t\t\t\t\t\t<div class=\"ha-horizontal-timeline-tree\"><\/div>\n\t\t\t\t\t\t<\/div>\n\t\t\t\t\t<\/div>\n\n\t\t\t\t\t<div class=\"ha-horizontal-timeline-content\">\n\n\t\t\t\t\t\t\t\t\t\t\t\t\t<div class=\"ha-horizontal-timeline-arrow\"><\/div>\n\t\t\t\t\t\t\n\t\t\t\t\t\t<div class=\"ha-horizontal-timeline-inner\">\n\t\t\t\t\t\t\t\t\t\t\t\t\t\t\t\t\t\t\t\t\t\t\t<div class=\"ha-horizontal-timeline-image\" >\n\t\t\t\t\t\t\t\t\t<img loading=\"lazy\" decoding=\"async\" width=\"300\" height=\"300\" src=\"https:\/\/grupoilovewine.es\/wp-content\/uploads\/2023\/06\/ilovewine-nosotros-compromiso-300x300.jpg\" class=\"attachment-medium size-medium wp-image-1744\" alt=\"Logotipo de Compromiso de Calidad Tur\u00edstica\" srcset=\"https:\/\/grupoilovewine.es\/wp-content\/uploads\/2023\/06\/ilovewine-nosotros-compromiso-300x300.jpg 300w, https:\/\/grupoilovewine.es\/wp-content\/uploads\/2023\/06\/ilovewine-nosotros-compromiso-150x150.jpg 150w, https:\/\/grupoilovewine.es\/wp-content\/uploads\/2023\/06\/ilovewine-nosotros-compromiso-12x12.jpg 12w, https:\/\/grupoilovewine.es\/wp-content\/uploads\/2023\/06\/ilovewine-nosotros-compromiso.jpg 600w\" sizes=\"(max-width: 300px) 100vw, 300px\" \/>\t\t\t\t\t\t\t\t<\/div>\n\t\t\t\t\t\t\t\n\t\t\t\t\t\t\t<h2 class=\"ha-horizontal-timeline-title\">Lanzamiento de la Agencia SICTED<\/h2>\n\t\t\t\t\t\t\t\n\t\t\t\t\t\t\t\t\t\t\t\t\t<\/div>\n\t\t\t\t\t<\/div>\n\t\t\t\t<\/div>\n\n\t\t\t\n\t\t<\/div>\n\n\t\t\t\t\t<button type=\"button\" class=\"slick-prev\"><i aria-hidden=\"true\" class=\"fas fa-chevron-left\"><\/i><\/button>\n\t\t\n\t\t\t\t\t<button type=\"button\" class=\"slick-next\"><i aria-hidden=\"true\" class=\"fas fa-chevron-right\"><\/i><\/button>\n\t\t\n\t\t\t\t\t\t<\/div>\n\t\t\t\t<\/div>\n\t\t\t\t\t<\/div>\n\t\t\t\t<\/div>\n\t\t\t\t\t<\/div>\n\t\t\t\t<\/div>\n\t\t\t\t<\/div>","protected":false},"excerpt":{"rendered":"<p>Sobre Nosotros \u201cLa idea de crear ILOVEWINE surgi\u00f3 durante una etapa de reinvenci\u00f3n profesional. La experiencia acumulada como director de restauraci\u00f3n y sumiller me hab\u00edan acercado al sector del vino. Fruto de la inquietud y de las nuevas tendencias del mercado, como el comercio electr\u00f3nico y la digitalizaci\u00f3n, se presentaban como una oportunidad. Tras unos [&hellip;]<\/p>","protected":false},"author":1,"featured_media":0,"parent":0,"menu_order":2,"comment_status":"closed","ping_status":"closed","template":"","meta":{"_acf_changed":false,"footnotes":""},"class_list":["post-178","page","type-page","status-publish","hentry"],"acf":[],"_links":{"self":[{"href":"https:\/\/grupoilovewine.es\/en\/wp-json\/wp\/v2\/pages\/178","targetHints":{"allow":["GET"]}}],"collection":[{"href":"https:\/\/grupoilovewine.es\/en\/wp-json\/wp\/v2\/pages"}],"about":[{"href":"https:\/\/grupoilovewine.es\/en\/wp-json\/wp\/v2\/types\/page"}],"author":[{"embeddable":true,"href":"https:\/\/grupoilovewine.es\/en\/wp-json\/wp\/v2\/users\/1"}],"replies":[{"embeddable":true,"href":"https:\/\/grupoilovewine.es\/en\/wp-json\/wp\/v2\/comments?post=178"}],"version-history":[{"count":179,"href":"https:\/\/grupoilovewine.es\/en\/wp-json\/wp\/v2\/pages\/178\/revisions"}],"predecessor-version":[{"id":1778,"href":"https:\/\/grupoilovewine.es\/en\/wp-json\/wp\/v2\/pages\/178\/revisions\/1778"}],"wp:attachment":[{"href":"https:\/\/grupoilovewine.es\/en\/wp-json\/wp\/v2\/media?parent=178"}],"curies":[{"name":"wp","href":"https:\/\/api.w.org\/{rel}","templated":true}]}}