{"id":1574,"date":"2023-06-15T17:00:19","date_gmt":"2023-06-15T15:00:19","guid":{"rendered":"https:\/\/grupoilovewine.es\/para-bodegas-copy\/"},"modified":"2023-07-08T12:20:12","modified_gmt":"2023-07-08T10:20:12","slug":"turismo","status":"publish","type":"page","link":"https:\/\/grupoilovewine.es\/en\/turismo\/","title":{"rendered":"Turismo"},"content":{"rendered":"<div data-elementor-type=\"wp-page\" data-elementor-id=\"1574\" class=\"elementor elementor-1574\" data-elementor-settings=\"{&quot;ha_cmc_init_switcher&quot;:&quot;no&quot;}\" data-elementor-post-type=\"page\">\n\t\t\t\t<div class=\"elementor-element elementor-element-d995347 e-flex e-con-boxed e-con e-parent\" data-id=\"d995347\" data-element_type=\"container\" data-settings=\"{&quot;background_background&quot;:&quot;classic&quot;}\">\n\t\t\t\t\t<div class=\"e-con-inner\">\n\t\t<div class=\"elementor-element elementor-element-04fd52b e-con-full fc-container-equal e-flex e-con e-parent\" data-id=\"04fd52b\" data-element_type=\"container\">\n\t\t<div class=\"elementor-element elementor-element-1ee9898 e-flex e-con-boxed e-con e-parent\" data-id=\"1ee9898\" data-element_type=\"container\">\n\t\t\t\t\t<div class=\"e-con-inner\">\n\t\t\t\t<div class=\"elementor-element elementor-element-74db96d elementor-widget elementor-widget-heading\" data-id=\"74db96d\" data-element_type=\"widget\" data-widget_type=\"heading.default\">\n\t\t\t\t<div class=\"elementor-widget-container\">\n\t\t\t\t\t<h1 class=\"elementor-heading-title elementor-size-default\">Turismo<\/h1>\t\t\t\t<\/div>\n\t\t\t\t<\/div>\n\t\t\t\t\t<\/div>\n\t\t\t\t<\/div>\n\t\t\t\t<\/div>\n\t\t\t\t\t<\/div>\n\t\t\t\t<\/div>\n\t\t<div class=\"elementor-element elementor-element-451c214 e-con-full fc-container-padding e-flex e-con e-parent\" data-id=\"451c214\" data-element_type=\"container\" data-settings=\"{&quot;background_background&quot;:&quot;classic&quot;}\">\n\t\t<div class=\"elementor-element elementor-element-b870f4b fc-container-col e-flex e-con-boxed e-con e-parent\" data-id=\"b870f4b\" data-element_type=\"container\">\n\t\t\t\t\t<div class=\"e-con-inner\">\n\t\t\t\t<div class=\"elementor-element elementor-element-149bc10 elementor-widget elementor-widget-text-editor\" data-id=\"149bc10\" data-element_type=\"widget\" data-widget_type=\"text-editor.default\">\n\t\t\t\t<div class=\"elementor-widget-container\">\n\t\t\t\t\t\t\t\t\t<p>Somos una empresa diplomada por nuestro Compromiso de Calidad Tur\u00edstica con la distinci\u00f3n del Sistema Integral de Calidad Tur\u00edstica Espa\u00f1ola en Destinos (SICTED) por la Secretar\u00eda de Estado de Turismo.<\/p>\t\t\t\t\t\t\t\t<\/div>\n\t\t\t\t<\/div>\n\t\t\t\t\t<\/div>\n\t\t\t\t<\/div>\n\t\t\t\t<\/div>\n\t\t<div class=\"elementor-element elementor-element-a41d8ae fc-container-padding e-flex e-con-boxed e-con e-parent\" data-id=\"a41d8ae\" data-element_type=\"container\" data-settings=\"{&quot;background_background&quot;:&quot;classic&quot;}\">\n\t\t\t\t\t<div class=\"e-con-inner\">\n\t\t<div class=\"elementor-element elementor-element-d362043 e-flex e-con-boxed e-con e-parent\" data-id=\"d362043\" data-element_type=\"container\">\n\t\t\t\t\t<div class=\"e-con-inner\">\n\t\t\t\t<div class=\"elementor-element elementor-element-b245dbf elementor-grid-2 elementor-grid-tablet-2 elementor-grid-mobile-1 elementor-widget elementor-widget-loop-grid\" data-id=\"b245dbf\" data-element_type=\"widget\" data-settings=\"{&quot;template_id&quot;:1134,&quot;columns&quot;:2,&quot;_skin&quot;:&quot;post&quot;,&quot;columns_tablet&quot;:&quot;2&quot;,&quot;columns_mobile&quot;:&quot;1&quot;,&quot;edit_handle_selector&quot;:&quot;[data-elementor-type=\\&quot;loop-item\\&quot;]&quot;,&quot;row_gap&quot;:{&quot;unit&quot;:&quot;px&quot;,&quot;size&quot;:&quot;&quot;,&quot;sizes&quot;:[]},&quot;row_gap_widescreen&quot;:{&quot;unit&quot;:&quot;px&quot;,&quot;size&quot;:&quot;&quot;,&quot;sizes&quot;:[]},&quot;row_gap_laptop&quot;:{&quot;unit&quot;:&quot;px&quot;,&quot;size&quot;:&quot;&quot;,&quot;sizes&quot;:[]},&quot;row_gap_tablet&quot;:{&quot;unit&quot;:&quot;px&quot;,&quot;size&quot;:&quot;&quot;,&quot;sizes&quot;:[]},&quot;row_gap_mobile&quot;:{&quot;unit&quot;:&quot;px&quot;,&quot;size&quot;:&quot;&quot;,&quot;sizes&quot;:[]}}\" data-widget_type=\"loop-grid.post\">\n\t\t\t\t<div class=\"elementor-widget-container\">\n\t\t\t\t\t\t\t<div class=\"elementor-loop-container elementor-grid\" role=\"list\">\n\t\t<style id=\"loop-1134\">.elementor-1134 .elementor-element.elementor-element-412ffc6{--display:flex;--flex-direction:column;--container-widget-width:100%;--container-widget-height:initial;--container-widget-flex-grow:0;--container-widget-align-self:initial;--flex-wrap-mobile:wrap;--gap:10px 10px;--row-gap:10px;--column-gap:10px;}.elementor-1134 .elementor-element.elementor-element-bcf8d31{text-align:center;}.elementor-1134 .elementor-element.elementor-element-bcf8d31 .elementor-heading-title{font-size:1.4rem;font-weight:600;line-height:22px;}.elementor-1134 .elementor-element.elementor-element-153b17a{text-align:center;}.elementor-1134 .elementor-element.elementor-element-153b17a .elementor-heading-title{font-family:\"Barlow Semi Condensed\", Sans-serif;font-size:1.2rem;line-height:1.3em;}<\/style>\t\t<div data-elementor-type=\"loop-item\" data-elementor-id=\"1134\" class=\"elementor elementor-1134 e-loop-item e-loop-item-1693 post-1693 page type-page status-publish has-post-thumbnail hentry\" data-elementor-settings=\"{&quot;ha_cmc_init_switcher&quot;:&quot;no&quot;}\" data-elementor-post-type=\"elementor_library\" data-custom-edit-handle=\"1\">\n\t\t\t<a class=\"elementor-element elementor-element-412ffc6 e-flex e-con-boxed e-con e-parent\" data-id=\"412ffc6\" data-element_type=\"container\" href=\"https:\/\/grupoilovewine.es\/en\/turismo\/consultoria\/\">\n\t\t\t\t\t<div class=\"e-con-inner\">\n\t\t\t\t<div class=\"elementor-element elementor-element-b26c9b2 elementor-widget elementor-widget-image\" data-id=\"b26c9b2\" data-element_type=\"widget\" data-widget_type=\"image.default\">\n\t\t\t\t<div class=\"elementor-widget-container\">\n\t\t\t\t\t\t\t\t\t\t\t\t\t\t\t<img fetchpriority=\"high\" decoding=\"async\" width=\"960\" height=\"960\" src=\"https:\/\/grupoilovewine.es\/wp-content\/uploads\/2023\/06\/servicio-imagen-y-sonido-3.jpg\" class=\"attachment-full size-full wp-image-1585\" alt=\"Varios corchos juntos vistos desde la parte superior\" srcset=\"https:\/\/grupoilovewine.es\/wp-content\/uploads\/2023\/06\/servicio-imagen-y-sonido-3.jpg 960w, https:\/\/grupoilovewine.es\/wp-content\/uploads\/2023\/06\/servicio-imagen-y-sonido-3-300x300.jpg 300w, https:\/\/grupoilovewine.es\/wp-content\/uploads\/2023\/06\/servicio-imagen-y-sonido-3-150x150.jpg 150w, https:\/\/grupoilovewine.es\/wp-content\/uploads\/2023\/06\/servicio-imagen-y-sonido-3-768x768.jpg 768w, https:\/\/grupoilovewine.es\/wp-content\/uploads\/2023\/06\/servicio-imagen-y-sonido-3-12x12.jpg 12w\" sizes=\"(max-width: 960px) 100vw, 960px\" \/>\t\t\t\t\t\t\t\t\t\t\t\t\t\t\t<\/div>\n\t\t\t\t<\/div>\n\t\t\t\t<div class=\"elementor-element elementor-element-bcf8d31 elementor-widget elementor-widget-heading\" data-id=\"bcf8d31\" data-element_type=\"widget\" data-widget_type=\"heading.default\">\n\t\t\t\t<div class=\"elementor-widget-container\">\n\t\t\t\t\t<h3 class=\"elementor-heading-title elementor-size-default\">Consultor\u00eda<\/h3>\t\t\t\t<\/div>\n\t\t\t\t<\/div>\n\t\t\t\t<div class=\"elementor-element elementor-element-153b17a elementor-widget elementor-widget-heading\" data-id=\"153b17a\" data-element_type=\"widget\" data-widget_type=\"heading.default\">\n\t\t\t\t<div class=\"elementor-widget-container\">\n\t\t\t\t\t<p class=\"elementor-heading-title elementor-size-default\">Optimizamos la actividad de tu empresa<\/p>\t\t\t\t<\/div>\n\t\t\t\t<\/div>\n\t\t\t\t\t<\/div>\n\t\t\t\t<\/a>\n\t\t\t\t<\/div>\n\t\t\t\t<div data-elementor-type=\"loop-item\" data-elementor-id=\"1134\" class=\"elementor elementor-1134 e-loop-item e-loop-item-1700 post-1700 page type-page status-publish has-post-thumbnail hentry\" data-elementor-settings=\"{&quot;ha_cmc_init_switcher&quot;:&quot;no&quot;}\" data-elementor-post-type=\"elementor_library\" data-custom-edit-handle=\"1\">\n\t\t\t<a class=\"elementor-element elementor-element-412ffc6 e-flex e-con-boxed e-con e-parent\" data-id=\"412ffc6\" data-element_type=\"container\" href=\"https:\/\/grupoilovewine.es\/en\/turismo\/agencia-sicted\/\">\n\t\t\t\t\t<div class=\"e-con-inner\">\n\t\t\t\t<div class=\"elementor-element elementor-element-b26c9b2 elementor-widget elementor-widget-image\" data-id=\"b26c9b2\" data-element_type=\"widget\" data-widget_type=\"image.default\">\n\t\t\t\t<div class=\"elementor-widget-container\">\n\t\t\t\t\t\t\t\t\t\t\t\t\t\t\t<img decoding=\"async\" width=\"960\" height=\"960\" src=\"https:\/\/grupoilovewine.es\/wp-content\/uploads\/2023\/06\/ilovewine-producto-parabodegas-sicted.jpg\" class=\"attachment-full size-full wp-image-1800\" alt=\"Logotipo de Compromiso de Calidad Tur\u00edstica\" srcset=\"https:\/\/grupoilovewine.es\/wp-content\/uploads\/2023\/06\/ilovewine-producto-parabodegas-sicted.jpg 960w, https:\/\/grupoilovewine.es\/wp-content\/uploads\/2023\/06\/ilovewine-producto-parabodegas-sicted-300x300.jpg 300w, https:\/\/grupoilovewine.es\/wp-content\/uploads\/2023\/06\/ilovewine-producto-parabodegas-sicted-150x150.jpg 150w, https:\/\/grupoilovewine.es\/wp-content\/uploads\/2023\/06\/ilovewine-producto-parabodegas-sicted-768x768.jpg 768w, https:\/\/grupoilovewine.es\/wp-content\/uploads\/2023\/06\/ilovewine-producto-parabodegas-sicted-12x12.jpg 12w\" sizes=\"(max-width: 960px) 100vw, 960px\" \/>\t\t\t\t\t\t\t\t\t\t\t\t\t\t\t<\/div>\n\t\t\t\t<\/div>\n\t\t\t\t<div class=\"elementor-element elementor-element-bcf8d31 elementor-widget elementor-widget-heading\" data-id=\"bcf8d31\" data-element_type=\"widget\" data-widget_type=\"heading.default\">\n\t\t\t\t<div class=\"elementor-widget-container\">\n\t\t\t\t\t<h3 class=\"elementor-heading-title elementor-size-default\">Agencia SICTED<\/h3>\t\t\t\t<\/div>\n\t\t\t\t<\/div>\n\t\t\t\t<div class=\"elementor-element elementor-element-153b17a elementor-widget elementor-widget-heading\" data-id=\"153b17a\" data-element_type=\"widget\" data-widget_type=\"heading.default\">\n\t\t\t\t<div class=\"elementor-widget-container\">\n\t\t\t\t\t<p class=\"elementor-heading-title elementor-size-default\">Compromiso de Calidad Tur\u00edstica<\/p>\t\t\t\t<\/div>\n\t\t\t\t<\/div>\n\t\t\t\t\t<\/div>\n\t\t\t\t<\/a>\n\t\t\t\t<\/div>\n\t\t\t\t<\/div>\n\t\t\n\t\t\t\t\t\t<\/div>\n\t\t\t\t<\/div>\n\t\t\t\t\t<\/div>\n\t\t\t\t<\/div>\n\t\t\t\t\t<\/div>\n\t\t\t\t<\/div>\n\t\t\t\t<\/div>","protected":false},"excerpt":{"rendered":"<p>Turismo Somos una empresa diplomada por nuestro Compromiso de Calidad Tur\u00edstica con la distinci\u00f3n del Sistema Integral de Calidad Tur\u00edstica Espa\u00f1ola en Destinos (SICTED) por la Secretar\u00eda de Estado de Turismo.<\/p>","protected":false},"author":2,"featured_media":0,"parent":0,"menu_order":15,"comment_status":"closed","ping_status":"closed","template":"","meta":{"_acf_changed":false,"footnotes":""},"class_list":["post-1574","page","type-page","status-publish","hentry"],"acf":[],"_links":{"self":[{"href":"https:\/\/grupoilovewine.es\/en\/wp-json\/wp\/v2\/pages\/1574","targetHints":{"allow":["GET"]}}],"collection":[{"href":"https:\/\/grupoilovewine.es\/en\/wp-json\/wp\/v2\/pages"}],"about":[{"href":"https:\/\/grupoilovewine.es\/en\/wp-json\/wp\/v2\/types\/page"}],"author":[{"embeddable":true,"href":"https:\/\/grupoilovewine.es\/en\/wp-json\/wp\/v2\/users\/2"}],"replies":[{"embeddable":true,"href":"https:\/\/grupoilovewine.es\/en\/wp-json\/wp\/v2\/comments?post=1574"}],"version-history":[{"count":13,"href":"https:\/\/grupoilovewine.es\/en\/wp-json\/wp\/v2\/pages\/1574\/revisions"}],"predecessor-version":[{"id":1799,"href":"https:\/\/grupoilovewine.es\/en\/wp-json\/wp\/v2\/pages\/1574\/revisions\/1799"}],"wp:attachment":[{"href":"https:\/\/grupoilovewine.es\/en\/wp-json\/wp\/v2\/media?parent=1574"}],"curies":[{"name":"wp","href":"https:\/\/api.w.org\/{rel}","templated":true}]}}