{"id":1523,"date":"2023-06-14T18:26:28","date_gmt":"2023-06-14T16:26:28","guid":{"rendered":"https:\/\/grupoilovewine.es\/sobre-nosotros-copy\/"},"modified":"2023-07-08T10:37:04","modified_gmt":"2023-07-08T08:37:04","slug":"nuestras-marcas","status":"publish","type":"page","link":"https:\/\/grupoilovewine.es\/en\/nuestras-marcas\/","title":{"rendered":"Nuestras marcas"},"content":{"rendered":"<div data-elementor-type=\"wp-page\" data-elementor-id=\"1523\" class=\"elementor elementor-1523\" data-elementor-settings=\"{&quot;ha_cmc_init_switcher&quot;:&quot;no&quot;}\" data-elementor-post-type=\"page\">\n\t\t\t\t<div class=\"elementor-element elementor-element-d995347 e-flex e-con-boxed e-con e-parent\" data-id=\"d995347\" data-element_type=\"container\" data-settings=\"{&quot;background_background&quot;:&quot;classic&quot;}\">\n\t\t\t\t\t<div class=\"e-con-inner\">\n\t\t<div class=\"elementor-element elementor-element-04fd52b e-con-full fc-container-equal e-flex e-con e-parent\" data-id=\"04fd52b\" data-element_type=\"container\">\n\t\t<div class=\"elementor-element elementor-element-1ee9898 e-flex e-con-boxed e-con e-parent\" data-id=\"1ee9898\" data-element_type=\"container\">\n\t\t\t\t\t<div class=\"e-con-inner\">\n\t\t\t\t<div class=\"elementor-element elementor-element-74db96d elementor-widget elementor-widget-heading\" data-id=\"74db96d\" data-element_type=\"widget\" data-widget_type=\"heading.default\">\n\t\t\t\t<div class=\"elementor-widget-container\">\n\t\t\t\t\t<h1 class=\"elementor-heading-title elementor-size-default\">Nuestras MARCAS<\/h1>\t\t\t\t<\/div>\n\t\t\t\t<\/div>\n\t\t\t\t\t<\/div>\n\t\t\t\t<\/div>\n\t\t\t\t<\/div>\n\t\t\t\t\t<\/div>\n\t\t\t\t<\/div>\n\t\t<div class=\"elementor-element elementor-element-451c214 e-con-full fc-container-padding e-flex e-con e-parent\" data-id=\"451c214\" data-element_type=\"container\" data-settings=\"{&quot;background_background&quot;:&quot;classic&quot;}\">\n\t\t<div class=\"elementor-element elementor-element-b870f4b fc-container-col e-flex e-con-boxed e-con e-parent\" data-id=\"b870f4b\" data-element_type=\"container\">\n\t\t\t\t\t<div class=\"e-con-inner\">\n\t\t\t\t<div class=\"elementor-element elementor-element-149bc10 elementor-widget elementor-widget-text-editor\" data-id=\"149bc10\" data-element_type=\"widget\" data-widget_type=\"text-editor.default\">\n\t\t\t\t<div class=\"elementor-widget-container\">\n\t\t\t\t\t\t\t\t\t<p>Dise\u00f1amos herramientas espec\u00edficas para dar un servicio impecable a las demandas de los clientes que buscan los excepcionales y caracter\u00edsticos vinos de la Rioja Alavesa y Rioja Alta en la D. O. Ca. Rioja.<br \/><br \/><\/p>\t\t\t\t\t\t\t\t<\/div>\n\t\t\t\t<\/div>\n\t\t\t\t\t<\/div>\n\t\t\t\t<\/div>\n\t\t\t\t<\/div>\n\t\t<div class=\"elementor-element elementor-element-a41d8ae fc-container-padding e-flex e-con-boxed e-con e-parent\" data-id=\"a41d8ae\" data-element_type=\"container\" data-settings=\"{&quot;background_background&quot;:&quot;classic&quot;}\">\n\t\t\t\t\t<div class=\"e-con-inner\">\n\t\t<div class=\"elementor-element elementor-element-d362043 e-flex e-con-boxed e-con e-parent\" data-id=\"d362043\" data-element_type=\"container\">\n\t\t\t\t\t<div class=\"e-con-inner\">\n\t\t\t\t<div class=\"elementor-element elementor-element-b245dbf elementor-grid-4 elementor-grid-tablet-2 elementor-grid-mobile-1 elementor-widget elementor-widget-loop-grid\" data-id=\"b245dbf\" data-element_type=\"widget\" data-settings=\"{&quot;template_id&quot;:1134,&quot;columns&quot;:4,&quot;_skin&quot;:&quot;post&quot;,&quot;columns_tablet&quot;:&quot;2&quot;,&quot;columns_mobile&quot;:&quot;1&quot;,&quot;edit_handle_selector&quot;:&quot;[data-elementor-type=\\&quot;loop-item\\&quot;]&quot;,&quot;row_gap&quot;:{&quot;unit&quot;:&quot;px&quot;,&quot;size&quot;:&quot;&quot;,&quot;sizes&quot;:[]},&quot;row_gap_widescreen&quot;:{&quot;unit&quot;:&quot;px&quot;,&quot;size&quot;:&quot;&quot;,&quot;sizes&quot;:[]},&quot;row_gap_laptop&quot;:{&quot;unit&quot;:&quot;px&quot;,&quot;size&quot;:&quot;&quot;,&quot;sizes&quot;:[]},&quot;row_gap_tablet&quot;:{&quot;unit&quot;:&quot;px&quot;,&quot;size&quot;:&quot;&quot;,&quot;sizes&quot;:[]},&quot;row_gap_mobile&quot;:{&quot;unit&quot;:&quot;px&quot;,&quot;size&quot;:&quot;&quot;,&quot;sizes&quot;:[]}}\" data-widget_type=\"loop-grid.post\">\n\t\t\t\t<div class=\"elementor-widget-container\">\n\t\t\t\t\t\t\t<div class=\"elementor-loop-container elementor-grid\" role=\"list\">\n\t\t<style id=\"loop-1134\">.elementor-1134 .elementor-element.elementor-element-412ffc6{--display:flex;--flex-direction:column;--container-widget-width:100%;--container-widget-height:initial;--container-widget-flex-grow:0;--container-widget-align-self:initial;--flex-wrap-mobile:wrap;--gap:10px 10px;--row-gap:10px;--column-gap:10px;}.elementor-1134 .elementor-element.elementor-element-bcf8d31{text-align:center;}.elementor-1134 .elementor-element.elementor-element-bcf8d31 .elementor-heading-title{font-size:1.4rem;font-weight:600;line-height:22px;}.elementor-1134 .elementor-element.elementor-element-153b17a{text-align:center;}.elementor-1134 .elementor-element.elementor-element-153b17a .elementor-heading-title{font-family:\"Barlow Semi Condensed\", Sans-serif;font-size:1.2rem;line-height:1.3em;}<\/style>\t\t<div data-elementor-type=\"loop-item\" data-elementor-id=\"1134\" class=\"elementor elementor-1134 e-loop-item e-loop-item-1662 post-1662 page type-page status-publish has-post-thumbnail hentry\" data-elementor-settings=\"{&quot;ha_cmc_init_switcher&quot;:&quot;no&quot;}\" data-elementor-post-type=\"elementor_library\" data-custom-edit-handle=\"1\">\n\t\t\t<a class=\"elementor-element elementor-element-412ffc6 e-flex e-con-boxed e-con e-parent\" data-id=\"412ffc6\" data-element_type=\"container\" href=\"https:\/\/grupoilovewine.es\/en\/nuestras-marcas\/ilovewine\/\">\n\t\t\t\t\t<div class=\"e-con-inner\">\n\t\t\t\t<div class=\"elementor-element elementor-element-b26c9b2 elementor-widget elementor-widget-image\" data-id=\"b26c9b2\" data-element_type=\"widget\" data-widget_type=\"image.default\">\n\t\t\t\t<div class=\"elementor-widget-container\">\n\t\t\t\t\t\t\t\t\t\t\t\t\t\t\t<img fetchpriority=\"high\" decoding=\"async\" width=\"600\" height=\"600\" src=\"https:\/\/grupoilovewine.es\/wp-content\/uploads\/2022\/10\/servicio-ilovewine-2.jpg\" class=\"attachment-full size-full wp-image-1542\" alt=\"Imagen de varios dispositivos digitales\" srcset=\"https:\/\/grupoilovewine.es\/wp-content\/uploads\/2022\/10\/servicio-ilovewine-2.jpg 600w, https:\/\/grupoilovewine.es\/wp-content\/uploads\/2022\/10\/servicio-ilovewine-2-300x300.jpg 300w, https:\/\/grupoilovewine.es\/wp-content\/uploads\/2022\/10\/servicio-ilovewine-2-150x150.jpg 150w, https:\/\/grupoilovewine.es\/wp-content\/uploads\/2022\/10\/servicio-ilovewine-2-12x12.jpg 12w\" sizes=\"(max-width: 600px) 100vw, 600px\" \/>\t\t\t\t\t\t\t\t\t\t\t\t\t\t\t<\/div>\n\t\t\t\t<\/div>\n\t\t\t\t<div class=\"elementor-element elementor-element-bcf8d31 elementor-widget elementor-widget-heading\" data-id=\"bcf8d31\" data-element_type=\"widget\" data-widget_type=\"heading.default\">\n\t\t\t\t<div class=\"elementor-widget-container\">\n\t\t\t\t\t<h3 class=\"elementor-heading-title elementor-size-default\">ILOVEWINE<\/h3>\t\t\t\t<\/div>\n\t\t\t\t<\/div>\n\t\t\t\t<div class=\"elementor-element elementor-element-153b17a elementor-widget elementor-widget-heading\" data-id=\"153b17a\" data-element_type=\"widget\" data-widget_type=\"heading.default\">\n\t\t\t\t<div class=\"elementor-widget-container\">\n\t\t\t\t\t<p class=\"elementor-heading-title elementor-size-default\">\u00a0La mejor selecci\u00f3n de vinos de D. O. Ca. Rioja.<\/p>\t\t\t\t<\/div>\n\t\t\t\t<\/div>\n\t\t\t\t\t<\/div>\n\t\t\t\t<\/a>\n\t\t\t\t<\/div>\n\t\t\t\t<div data-elementor-type=\"loop-item\" data-elementor-id=\"1134\" class=\"elementor elementor-1134 e-loop-item e-loop-item-1666 post-1666 page type-page status-publish has-post-thumbnail hentry\" data-elementor-settings=\"{&quot;ha_cmc_init_switcher&quot;:&quot;no&quot;}\" data-elementor-post-type=\"elementor_library\" data-custom-edit-handle=\"1\">\n\t\t\t<a class=\"elementor-element elementor-element-412ffc6 e-flex e-con-boxed e-con e-parent\" data-id=\"412ffc6\" data-element_type=\"container\" href=\"https:\/\/grupoilovewine.es\/en\/nuestras-marcas\/enviarvino\/\">\n\t\t\t\t\t<div class=\"e-con-inner\">\n\t\t\t\t<div class=\"elementor-element elementor-element-b26c9b2 elementor-widget elementor-widget-image\" data-id=\"b26c9b2\" data-element_type=\"widget\" data-widget_type=\"image.default\">\n\t\t\t\t<div class=\"elementor-widget-container\">\n\t\t\t\t\t\t\t\t\t\t\t\t\t\t\t<img decoding=\"async\" width=\"960\" height=\"960\" src=\"https:\/\/grupoilovewine.es\/wp-content\/uploads\/2022\/10\/servicio-ilovewine-1.jpg\" class=\"attachment-full size-full wp-image-1541\" alt=\"Imagen de mapa mundi con varios destinos\" srcset=\"https:\/\/grupoilovewine.es\/wp-content\/uploads\/2022\/10\/servicio-ilovewine-1.jpg 960w, https:\/\/grupoilovewine.es\/wp-content\/uploads\/2022\/10\/servicio-ilovewine-1-300x300.jpg 300w, https:\/\/grupoilovewine.es\/wp-content\/uploads\/2022\/10\/servicio-ilovewine-1-150x150.jpg 150w, https:\/\/grupoilovewine.es\/wp-content\/uploads\/2022\/10\/servicio-ilovewine-1-768x768.jpg 768w, https:\/\/grupoilovewine.es\/wp-content\/uploads\/2022\/10\/servicio-ilovewine-1-12x12.jpg 12w\" sizes=\"(max-width: 960px) 100vw, 960px\" \/>\t\t\t\t\t\t\t\t\t\t\t\t\t\t\t<\/div>\n\t\t\t\t<\/div>\n\t\t\t\t<div class=\"elementor-element elementor-element-bcf8d31 elementor-widget elementor-widget-heading\" data-id=\"bcf8d31\" data-element_type=\"widget\" data-widget_type=\"heading.default\">\n\t\t\t\t<div class=\"elementor-widget-container\">\n\t\t\t\t\t<h3 class=\"elementor-heading-title elementor-size-default\">ENVIARVINO<\/h3>\t\t\t\t<\/div>\n\t\t\t\t<\/div>\n\t\t\t\t<div class=\"elementor-element elementor-element-153b17a elementor-widget elementor-widget-heading\" data-id=\"153b17a\" data-element_type=\"widget\" data-widget_type=\"heading.default\">\n\t\t\t\t<div class=\"elementor-widget-container\">\n\t\t\t\t\t<p class=\"elementor-heading-title elementor-size-default\">Sencillo, eficaz y directo a su destino<\/p>\t\t\t\t<\/div>\n\t\t\t\t<\/div>\n\t\t\t\t\t<\/div>\n\t\t\t\t<\/a>\n\t\t\t\t<\/div>\n\t\t\t\t<div data-elementor-type=\"loop-item\" data-elementor-id=\"1134\" class=\"elementor elementor-1134 e-loop-item e-loop-item-1670 post-1670 page type-page status-publish has-post-thumbnail hentry\" data-elementor-settings=\"{&quot;ha_cmc_init_switcher&quot;:&quot;no&quot;}\" data-elementor-post-type=\"elementor_library\" data-custom-edit-handle=\"1\">\n\t\t\t<a class=\"elementor-element elementor-element-412ffc6 e-flex e-con-boxed e-con e-parent\" data-id=\"412ffc6\" data-element_type=\"container\" href=\"https:\/\/grupoilovewine.es\/en\/nuestras-marcas\/ecovinobox\/\">\n\t\t\t\t\t<div class=\"e-con-inner\">\n\t\t\t\t<div class=\"elementor-element elementor-element-b26c9b2 elementor-widget elementor-widget-image\" data-id=\"b26c9b2\" data-element_type=\"widget\" data-widget_type=\"image.default\">\n\t\t\t\t<div class=\"elementor-widget-container\">\n\t\t\t\t\t\t\t\t\t\t\t\t\t\t\t<img decoding=\"async\" width=\"960\" height=\"960\" src=\"https:\/\/grupoilovewine.es\/wp-content\/uploads\/2022\/10\/servicio-ecovinobox.jpg\" class=\"attachment-full size-full wp-image-1547\" alt=\"Imagen de cajas de Ecovinobox\" srcset=\"https:\/\/grupoilovewine.es\/wp-content\/uploads\/2022\/10\/servicio-ecovinobox.jpg 960w, https:\/\/grupoilovewine.es\/wp-content\/uploads\/2022\/10\/servicio-ecovinobox-300x300.jpg 300w, https:\/\/grupoilovewine.es\/wp-content\/uploads\/2022\/10\/servicio-ecovinobox-150x150.jpg 150w, https:\/\/grupoilovewine.es\/wp-content\/uploads\/2022\/10\/servicio-ecovinobox-768x768.jpg 768w, https:\/\/grupoilovewine.es\/wp-content\/uploads\/2022\/10\/servicio-ecovinobox-12x12.jpg 12w\" sizes=\"(max-width: 960px) 100vw, 960px\" \/>\t\t\t\t\t\t\t\t\t\t\t\t\t\t\t<\/div>\n\t\t\t\t<\/div>\n\t\t\t\t<div class=\"elementor-element elementor-element-bcf8d31 elementor-widget elementor-widget-heading\" data-id=\"bcf8d31\" data-element_type=\"widget\" data-widget_type=\"heading.default\">\n\t\t\t\t<div class=\"elementor-widget-container\">\n\t\t\t\t\t<h3 class=\"elementor-heading-title elementor-size-default\">ECOVINOBOX<\/h3>\t\t\t\t<\/div>\n\t\t\t\t<\/div>\n\t\t\t\t<div class=\"elementor-element elementor-element-153b17a elementor-widget elementor-widget-heading\" data-id=\"153b17a\" data-element_type=\"widget\" data-widget_type=\"heading.default\">\n\t\t\t\t<div class=\"elementor-widget-container\">\n\t\t\t\t\t<p class=\"elementor-heading-title elementor-size-default\">El mejor embalaje de seguridad<\/p>\t\t\t\t<\/div>\n\t\t\t\t<\/div>\n\t\t\t\t\t<\/div>\n\t\t\t\t<\/a>\n\t\t\t\t<\/div>\n\t\t\t\t<div data-elementor-type=\"loop-item\" data-elementor-id=\"1134\" class=\"elementor elementor-1134 e-loop-item e-loop-item-1674 post-1674 page type-page status-publish has-post-thumbnail hentry\" data-elementor-settings=\"{&quot;ha_cmc_init_switcher&quot;:&quot;no&quot;}\" data-elementor-post-type=\"elementor_library\" data-custom-edit-handle=\"1\">\n\t\t\t<a class=\"elementor-element elementor-element-412ffc6 e-flex e-con-boxed e-con e-parent\" data-id=\"412ffc6\" data-element_type=\"container\" href=\"https:\/\/grupoilovewine.es\/en\/nuestras-marcas\/eurowinetours\/\">\n\t\t\t\t\t<div class=\"e-con-inner\">\n\t\t\t\t<div class=\"elementor-element elementor-element-b26c9b2 elementor-widget elementor-widget-image\" data-id=\"b26c9b2\" data-element_type=\"widget\" data-widget_type=\"image.default\">\n\t\t\t\t<div class=\"elementor-widget-container\">\n\t\t\t\t\t\t\t\t\t\t\t\t\t\t\t<img loading=\"lazy\" decoding=\"async\" width=\"960\" height=\"960\" src=\"https:\/\/grupoilovewine.es\/wp-content\/uploads\/2022\/10\/servicio-eurowinetours.jpg\" class=\"attachment-full size-full wp-image-1548\" alt=\"Imagen de personas en una cata de vinos\" srcset=\"https:\/\/grupoilovewine.es\/wp-content\/uploads\/2022\/10\/servicio-eurowinetours.jpg 960w, https:\/\/grupoilovewine.es\/wp-content\/uploads\/2022\/10\/servicio-eurowinetours-300x300.jpg 300w, https:\/\/grupoilovewine.es\/wp-content\/uploads\/2022\/10\/servicio-eurowinetours-150x150.jpg 150w, https:\/\/grupoilovewine.es\/wp-content\/uploads\/2022\/10\/servicio-eurowinetours-768x768.jpg 768w, https:\/\/grupoilovewine.es\/wp-content\/uploads\/2022\/10\/servicio-eurowinetours-12x12.jpg 12w\" sizes=\"(max-width: 960px) 100vw, 960px\" \/>\t\t\t\t\t\t\t\t\t\t\t\t\t\t\t<\/div>\n\t\t\t\t<\/div>\n\t\t\t\t<div class=\"elementor-element elementor-element-bcf8d31 elementor-widget elementor-widget-heading\" data-id=\"bcf8d31\" data-element_type=\"widget\" data-widget_type=\"heading.default\">\n\t\t\t\t<div class=\"elementor-widget-container\">\n\t\t\t\t\t<h3 class=\"elementor-heading-title elementor-size-default\">EUROWINETOURS<\/h3>\t\t\t\t<\/div>\n\t\t\t\t<\/div>\n\t\t\t\t<div class=\"elementor-element elementor-element-153b17a elementor-widget elementor-widget-heading\" data-id=\"153b17a\" data-element_type=\"widget\" data-widget_type=\"heading.default\">\n\t\t\t\t<div class=\"elementor-widget-container\">\n\t\t\t\t\t<p class=\"elementor-heading-title elementor-size-default\">DMC especializado en enoturismo y gastronom\u00eda<\/p>\t\t\t\t<\/div>\n\t\t\t\t<\/div>\n\t\t\t\t\t<\/div>\n\t\t\t\t<\/a>\n\t\t\t\t<\/div>\n\t\t\t\t<\/div>\n\t\t\n\t\t\t\t\t\t<\/div>\n\t\t\t\t<\/div>\n\t\t\t\t\t<\/div>\n\t\t\t\t<\/div>\n\t\t\t\t\t<\/div>\n\t\t\t\t<\/div>\n\t\t\t\t<\/div>","protected":false},"excerpt":{"rendered":"<p>Nuestras MARCAS Dise\u00f1amos herramientas espec\u00edficas para dar un servicio impecable a las demandas de los clientes que buscan los excepcionales y caracter\u00edsticos vinos de la Rioja Alavesa y Rioja Alta en la D. O. Ca. Rioja.<\/p>","protected":false},"author":2,"featured_media":0,"parent":0,"menu_order":4,"comment_status":"closed","ping_status":"closed","template":"","meta":{"_acf_changed":false,"footnotes":""},"class_list":["post-1523","page","type-page","status-publish","hentry"],"acf":[],"_links":{"self":[{"href":"https:\/\/grupoilovewine.es\/en\/wp-json\/wp\/v2\/pages\/1523","targetHints":{"allow":["GET"]}}],"collection":[{"href":"https:\/\/grupoilovewine.es\/en\/wp-json\/wp\/v2\/pages"}],"about":[{"href":"https:\/\/grupoilovewine.es\/en\/wp-json\/wp\/v2\/types\/page"}],"author":[{"embeddable":true,"href":"https:\/\/grupoilovewine.es\/en\/wp-json\/wp\/v2\/users\/2"}],"replies":[{"embeddable":true,"href":"https:\/\/grupoilovewine.es\/en\/wp-json\/wp\/v2\/comments?post=1523"}],"version-history":[{"count":19,"href":"https:\/\/grupoilovewine.es\/en\/wp-json\/wp\/v2\/pages\/1523\/revisions"}],"predecessor-version":[{"id":1731,"href":"https:\/\/grupoilovewine.es\/en\/wp-json\/wp\/v2\/pages\/1523\/revisions\/1731"}],"wp:attachment":[{"href":"https:\/\/grupoilovewine.es\/en\/wp-json\/wp\/v2\/media?parent=1523"}],"curies":[{"name":"wp","href":"https:\/\/api.w.org\/{rel}","templated":true}]}}