{"id":1470,"date":"2023-06-14T00:02:32","date_gmt":"2023-06-13T22:02:32","guid":{"rendered":"https:\/\/grupoilovewine.es\/inicio-copy-copy\/"},"modified":"2023-07-08T10:32:19","modified_gmt":"2023-07-08T08:32:19","slug":"mision-y-vision","status":"publish","type":"page","link":"https:\/\/grupoilovewine.es\/en\/mision-y-vision\/","title":{"rendered":"Misi\u00f3n y visi\u00f3n"},"content":{"rendered":"<div data-elementor-type=\"wp-page\" data-elementor-id=\"1470\" class=\"elementor elementor-1470\" data-elementor-settings=\"{&quot;ha_cmc_init_switcher&quot;:&quot;no&quot;}\" data-elementor-post-type=\"page\">\n\t\t\t\t<div class=\"elementor-element elementor-element-fef6fed e-flex e-con-boxed e-con e-parent\" data-id=\"fef6fed\" data-element_type=\"container\" data-settings=\"{&quot;background_background&quot;:&quot;classic&quot;}\">\n\t\t\t\t\t<div class=\"e-con-inner\">\n\t\t<div class=\"elementor-element elementor-element-48b2c2c e-con-full fc-container-equal e-flex e-con e-parent\" data-id=\"48b2c2c\" data-element_type=\"container\">\n\t\t<div class=\"elementor-element elementor-element-b7c3e6b e-flex e-con-boxed e-con e-parent\" data-id=\"b7c3e6b\" data-element_type=\"container\">\n\t\t\t\t\t<div class=\"e-con-inner\">\n\t\t\t\t<div class=\"elementor-element elementor-element-f84f77e elementor-widget elementor-widget-heading\" data-id=\"f84f77e\" data-element_type=\"widget\" data-widget_type=\"heading.default\">\n\t\t\t\t<div class=\"elementor-widget-container\">\n\t\t\t\t\t<h1 class=\"elementor-heading-title elementor-size-default\">Misi\u00f3n y Visi\u00f3n<\/h1>\t\t\t\t<\/div>\n\t\t\t\t<\/div>\n\t\t\t\t\t<\/div>\n\t\t\t\t<\/div>\n\t\t\t\t<\/div>\n\t\t\t\t\t<\/div>\n\t\t\t\t<\/div>\n\t\t<div class=\"elementor-element elementor-element-6d47790 e-con-full fc-container-padding e-flex e-con e-parent\" data-id=\"6d47790\" data-element_type=\"container\" data-settings=\"{&quot;background_background&quot;:&quot;classic&quot;}\">\n\t\t<div class=\"elementor-element elementor-element-f1d1056 fc-container-col e-flex e-con-boxed e-con e-parent\" data-id=\"f1d1056\" data-element_type=\"container\">\n\t\t\t\t\t<div class=\"e-con-inner\">\n\t\t\t\t<div class=\"elementor-element elementor-element-01203bf elementor-widget elementor-widget-heading\" data-id=\"01203bf\" data-element_type=\"widget\" data-widget_type=\"heading.default\">\n\t\t\t\t<div class=\"elementor-widget-container\">\n\t\t\t\t\t<h2 class=\"elementor-heading-title elementor-size-default\">Nuestra misi\u00f3n como organizaci\u00f3n la podemos diferenciar en dos \u00e1reas: Orientada a nuestros clientes y orientada a las bodegas.<\/h2>\t\t\t\t<\/div>\n\t\t\t\t<\/div>\n\t\t\t\t\t<\/div>\n\t\t\t\t<\/div>\n\t\t\t\t<\/div>\n\t\t<div class=\"elementor-element elementor-element-7166a16d e-con-full e-flex e-con e-parent\" data-id=\"7166a16d\" data-element_type=\"container\">\n\t\t<div class=\"elementor-element elementor-element-5d4abab2 e-con-full elementor-hidden-mobile e-flex e-con e-parent\" data-id=\"5d4abab2\" data-element_type=\"container\" data-settings=\"{&quot;background_background&quot;:&quot;classic&quot;}\">\n\t\t\t\t<\/div>\n\t\t<div class=\"elementor-element elementor-element-1a64ac17 e-con-full e-flex e-con e-parent\" data-id=\"1a64ac17\" data-element_type=\"container\" data-settings=\"{&quot;background_background&quot;:&quot;classic&quot;}\">\n\t\t<div class=\"elementor-element elementor-element-32c303f0 fc-container-equal fc-container-col-boxed e-con-full e-flex elementor-invisible e-con e-parent\" data-id=\"32c303f0\" data-element_type=\"container\" data-settings=\"{&quot;animation&quot;:&quot;fadeIn&quot;}\">\n\t\t\t\t<div class=\"elementor-element elementor-element-36468f7e elementor-widget elementor-widget-heading\" data-id=\"36468f7e\" data-element_type=\"widget\" data-widget_type=\"heading.default\">\n\t\t\t\t<div class=\"elementor-widget-container\">\n\t\t\t\t\t<h2 class=\"elementor-heading-title elementor-size-default\">Orientados a nuestros clientes<\/h2>\t\t\t\t<\/div>\n\t\t\t\t<\/div>\n\t\t\t\t<div class=\"elementor-element elementor-element-a5577c0 elementor-widget-divider--view-line elementor-widget elementor-widget-divider\" data-id=\"a5577c0\" data-element_type=\"widget\" data-widget_type=\"divider.default\">\n\t\t\t\t<div class=\"elementor-widget-container\">\n\t\t\t\t\t\t\t<div class=\"elementor-divider\">\n\t\t\t<span class=\"elementor-divider-separator\">\n\t\t\t\t\t\t<\/span>\n\t\t<\/div>\n\t\t\t\t\t\t<\/div>\n\t\t\t\t<\/div>\n\t\t\t\t<div class=\"elementor-element elementor-element-2cddda1 elementor-widget elementor-widget-text-editor\" data-id=\"2cddda1\" data-element_type=\"widget\" data-widget_type=\"text-editor.default\">\n\t\t\t\t<div class=\"elementor-widget-container\">\n\t\t\t\t\t\t\t\t\t<p>Mostrar y dar accesibilidad principalmente a trav\u00e9s de internet a vinos de un territorio muy espec\u00edfico, Rioja Alavesa y Rioja Alta en la D. O. Ca. Rioja.<\/p><p>Este territorio posee los mejores vi\u00f1edos de toda la denominaci\u00f3n por las caracter\u00edsticas de composici\u00f3n de sus suelos, la altitud y sobre todo la latitud, y los m\u00e9todos ancestrales de la viticultura manual m\u00e1s meticulosa. La esmerada selecci\u00f3n de uvas en estado sanitario \u00f3ptimo as\u00ed como las cuidadosas elaboraciones con m\u00e9todos respetuosos con el medio ambiente son prioritarias en nuestra b\u00fasqueda de la m\u00e1xima calidad y excelencia. Todo ello con independencia del tama\u00f1o y los recursos de cada bodega, cosecheros con tradici\u00f3n familiar o elaboradores viticultores independientes.<\/p><p>Para mostrar la esencia y la singularidad del territorio hemos creado una agencia de viajes orientada a mostrarlo a trav\u00e9s de EUROWINETOURS.<\/p>\t\t\t\t\t\t\t\t<\/div>\n\t\t\t\t<\/div>\n\t\t\t\t<\/div>\n\t\t\t\t<\/div>\n\t\t\t\t<\/div>\n\t\t<div class=\"elementor-element elementor-element-1e4a7341 e-con-full e-flex e-con e-parent\" data-id=\"1e4a7341\" data-element_type=\"container\">\n\t\t<div class=\"elementor-element elementor-element-97ba32e e-con-full elementor-hidden-mobile e-flex e-con e-parent\" data-id=\"97ba32e\" data-element_type=\"container\" data-settings=\"{&quot;background_background&quot;:&quot;classic&quot;}\">\n\t\t\t\t<\/div>\n\t\t<div class=\"elementor-element elementor-element-1b4e6ce6 e-con-full e-flex e-con e-parent\" data-id=\"1b4e6ce6\" data-element_type=\"container\" data-settings=\"{&quot;background_background&quot;:&quot;classic&quot;}\">\n\t\t<div class=\"elementor-element elementor-element-674aaf2b fc-container-equal fc-container-col-boxed e-con-full e-flex elementor-invisible e-con e-parent\" data-id=\"674aaf2b\" data-element_type=\"container\" data-settings=\"{&quot;animation&quot;:&quot;fadeIn&quot;}\">\n\t\t\t\t<div class=\"elementor-element elementor-element-663ba4e3 elementor-widget elementor-widget-heading\" data-id=\"663ba4e3\" data-element_type=\"widget\" data-widget_type=\"heading.default\">\n\t\t\t\t<div class=\"elementor-widget-container\">\n\t\t\t\t\t<h2 class=\"elementor-heading-title elementor-size-default\">Orientados a las bodegas<\/h2>\t\t\t\t<\/div>\n\t\t\t\t<\/div>\n\t\t\t\t<div class=\"elementor-element elementor-element-8aac49d elementor-widget-divider--view-line elementor-widget elementor-widget-divider\" data-id=\"8aac49d\" data-element_type=\"widget\" data-widget_type=\"divider.default\">\n\t\t\t\t<div class=\"elementor-widget-container\">\n\t\t\t\t\t\t\t<div class=\"elementor-divider\">\n\t\t\t<span class=\"elementor-divider-separator\">\n\t\t\t\t\t\t<\/span>\n\t\t<\/div>\n\t\t\t\t\t\t<\/div>\n\t\t\t\t<\/div>\n\t\t\t\t<div class=\"elementor-element elementor-element-d58d0f5 elementor-widget elementor-widget-text-editor\" data-id=\"d58d0f5\" data-element_type=\"widget\" data-widget_type=\"text-editor.default\">\n\t\t\t\t<div class=\"elementor-widget-container\">\n\t\t\t\t\t\t\t\t\t<p>Dise\u00f1ar herramientas espec\u00edficas para dar un servicio impecable a las demandas de los clientes que buscan los excepcionales y caracter\u00edsticos vinos del territorio mencionado.<\/p><p>La mejor accesibilidad desde nuestro cat\u00e1logo de vinos online, con fotograf\u00edas y fichas de productos propias de alta calidad, con contenidos en cinco idiomas y todo tipo de herramientas de autoevaluaci\u00f3n en la b\u00fasqueda de la mejora continua a trav\u00e9s de ILOVEWINE y otros comercios electr\u00f3nicos corporativos en colaboraci\u00f3n con bodegas.<\/p><p>Servicios de log\u00edstica especializada para botellas de vino nacional e internacional a trav\u00e9s de ENVIARVINO.<\/p><p>El mejor embalaje de seguridad para botellas de vino del mercado a trav\u00e9s de ECOVINOBOX.<\/p><p>Servicio de marketing online enfocado al retorno a trav\u00e9s de SCANBAI.<\/p><p>Y diferentes productos y servicios para la digitalizaci\u00f3n de las bodegas como son, imagen de producto, videos corporativos y catas de vino, comercio electr\u00f3nico especializado, alojamiento, comunicaci\u00f3n, marketing y consultor\u00eda.<\/p>\t\t\t\t\t\t\t\t<\/div>\n\t\t\t\t<\/div>\n\t\t\t\t<\/div>\n\t\t\t\t<\/div>\n\t\t\t\t<\/div>\n\t\t<div class=\"elementor-element elementor-element-c6f8511 e-con-full e-flex e-con e-parent\" data-id=\"c6f8511\" data-element_type=\"container\" data-settings=\"{&quot;background_background&quot;:&quot;classic&quot;}\">\n\t\t<div class=\"elementor-element elementor-element-fcfd25e fc-container-equal-l e-flex e-con-boxed e-con e-parent\" data-id=\"fcfd25e\" data-element_type=\"container\">\n\t\t\t\t\t<div class=\"e-con-inner\">\n\t\t\t\t<div class=\"elementor-element elementor-element-13f7b4e elementor-widget elementor-widget-heading\" data-id=\"13f7b4e\" data-element_type=\"widget\" data-widget_type=\"heading.default\">\n\t\t\t\t<div class=\"elementor-widget-container\">\n\t\t\t\t\t<h2 class=\"elementor-heading-title elementor-size-default\">Compromiso y Calidad<\/h2>\t\t\t\t<\/div>\n\t\t\t\t<\/div>\n\t\t\t\t<div class=\"elementor-element elementor-element-dadc717 elementor-widget elementor-widget-text-editor\" data-id=\"dadc717\" data-element_type=\"widget\" data-widget_type=\"text-editor.default\">\n\t\t\t\t<div class=\"elementor-widget-container\">\n\t\t\t\t\t\t\t\t\t<p>Con la misma filosof\u00eda por la excepcionalidad somos empresa diplomada por nuestro Compromiso de Calidad Tur\u00edstica con la distinci\u00f3n del Sistema Integral de Calidad Tur\u00edstica Espa\u00f1ola en Destinos (SICTED) por la Secretar\u00eda de Estado de Turismo.<br \/>Del mismo modo somos empresa Gestora, Asesora, Formadora y evaluadora como Agencia SICTED.<\/p>\t\t\t\t\t\t\t\t<\/div>\n\t\t\t\t<\/div>\n\t\t\t\t\t<\/div>\n\t\t\t\t<\/div>\n\t\t\t\t<\/div>\n\t\t\t\t<\/div>","protected":false},"excerpt":{"rendered":"<p>Misi\u00f3n y Visi\u00f3n Nuestra misi\u00f3n como organizaci\u00f3n la podemos diferenciar en dos \u00e1reas: Orientada a nuestros clientes y orientada a las bodegas. Orientados a nuestros clientes Mostrar y dar accesibilidad principalmente a trav\u00e9s de internet a vinos de un territorio muy espec\u00edfico, Rioja Alavesa y Rioja Alta en la D. O. Ca. Rioja. Este territorio [&hellip;]<\/p>","protected":false},"author":2,"featured_media":0,"parent":0,"menu_order":3,"comment_status":"closed","ping_status":"closed","template":"","meta":{"_acf_changed":false,"footnotes":""},"class_list":["post-1470","page","type-page","status-publish","hentry"],"acf":[],"_links":{"self":[{"href":"https:\/\/grupoilovewine.es\/en\/wp-json\/wp\/v2\/pages\/1470","targetHints":{"allow":["GET"]}}],"collection":[{"href":"https:\/\/grupoilovewine.es\/en\/wp-json\/wp\/v2\/pages"}],"about":[{"href":"https:\/\/grupoilovewine.es\/en\/wp-json\/wp\/v2\/types\/page"}],"author":[{"embeddable":true,"href":"https:\/\/grupoilovewine.es\/en\/wp-json\/wp\/v2\/users\/2"}],"replies":[{"embeddable":true,"href":"https:\/\/grupoilovewine.es\/en\/wp-json\/wp\/v2\/comments?post=1470"}],"version-history":[{"count":19,"href":"https:\/\/grupoilovewine.es\/en\/wp-json\/wp\/v2\/pages\/1470\/revisions"}],"predecessor-version":[{"id":1506,"href":"https:\/\/grupoilovewine.es\/en\/wp-json\/wp\/v2\/pages\/1470\/revisions\/1506"}],"wp:attachment":[{"href":"https:\/\/grupoilovewine.es\/en\/wp-json\/wp\/v2\/media?parent=1470"}],"curies":[{"name":"wp","href":"https:\/\/api.w.org\/{rel}","templated":true}]}}